{"id":852,"date":"2021-09-13T21:45:17","date_gmt":"2021-09-13T19:45:17","guid":{"rendered":"https:\/\/360eco.pl\/?page_id=852"},"modified":"2022-01-07T13:33:58","modified_gmt":"2022-01-07T12:33:58","slug":"polityka-prywatnosci","status":"publish","type":"page","link":"https:\/\/360eco.pl\/index.php\/polityka-prywatnosci\/","title":{"rendered":"Polityka prywatno\u015bci"},"content":{"rendered":"\n<p><strong>Przetwarzanie danych osobowych<\/strong><\/p>\n\n\n\n<p>Stosownie do tre\u015bci art. 13 ust. 1 i 2 Rozporz\u0105dzenia Parlamentu Europejskiego i Rady (UE) 2016\/679 z&nbsp;dnia 27 kwietnia 2016 r. w sprawie ochrony os\u00f3b fizycznych w zwi\u0105zku z przetwarzaniem danych osobowych i w sprawie swobodnego przep\u0142ywu takich danych oraz uchylenia dyrektywy 95\/46\/WE (og\u00f3lne rozporz\u0105dzenie o ochronie danych) Dz.Urz.UE.L 2016 Nr 119, str. 1, ze zm. \u2013 dalej RODO informujemy:<\/p>\n\n\n\n<ol class=\"wp-block-list\" type=\"1\"><li>Administratorem danych osobowych jest: 360ECO MONIKA GAPI\u0143SKA, ul. Armii Krajowej nr 3, lok. 49, 10-072 Olsztyn, NIP 7392860958, REGON 100256512, e-mail: biuro@360eco.pl, tel. 506-435-511.<\/li><li>Dane osobowe b\u0119d\u0105 przetwarzane wy\u0142\u0105cznie w celu, dla kt\u00f3rego zosta\u0142y zebrane, tj. przedstawienia oferty handlowej, przygotowania, zawarcia oraz wykonania umowy, a tak\u017ce w\u0142a\u015bciwego funkcjonowania strony internetowej, w tym udzielenia odpowiedzi.<\/li><li>Dane osobowe przetwarzane s\u0105 na podstawie zgody, o kt\u00f3rej mowa w art. 6 ust. 1 lit. a) RODO, a dotycz\u0105 danych, kt\u00f3re mog\u0105 zosta\u0107 przekazane podczas korzystania ze strony, a tak\u017ce w plikach cookie. Szczeg\u00f3\u0142owa informacja dotycz\u0105ca wykorzystywanych plik\u00f3w cookie znajduje si\u0119 w&nbsp;Polityce cookie. Dane osobowe przetwarzane s\u0105 r\u00f3wnie\u017c na podstawie art. 6 ust. 1 lit. b) RODO, tj. w zakresie wymaganym do skutecznego zawarcia i wykonania umowy. Niekt\u00f3re dane osobowe przetwarzane b\u0119d\u0105 ze wzgl\u0119du na obowi\u0105zek prawny spoczywaj\u0105cy na administratorze (art. 6 ust. 1 lit. c) RODO), np. ze wzgl\u0119du na przepisy fiskalne oraz udokumentowanie umowy sprzeda\u017cy. Administrator danych mo\u017ce przetwarza\u0107 dane osobowe w celu marketingu bezpo\u015bredniego ze wzgl\u0119du na sw\u00f3j prawnie uzasadniony interes (art. 6 ust. 1 lit. f RODO).<\/li><li>Dane osobowe nie b\u0119d\u0105 udost\u0119pniane podmiotom innym ni\u017c uprawnione na mocy przepis\u00f3w prawa. Odbiorcami danych s\u0105 mi\u0119dzy innymi podmioty \u015bwiadcz\u0105ce us\u0142ugi informatyczne, utrzymuj\u0105ce serwery poczty elektronicznej oraz serwer WWW, a tak\u017ce podmioty \u015bwiadcz\u0105ce us\u0142ugi ksi\u0119gowe, doradcze, prawne lub audytowe.<\/li><li>Podaj\u0105cemu dane przys\u0142uguje prawo do \u017c\u0105dania od administratora dost\u0119pu do swoich danych osobowych, ich sprostowania, usuni\u0119cia lub ograniczenia przetwarzania lub prawo do wniesienia sprzeciwu wobec przetwarzania, a tak\u017ce prawo do przenoszenia danych. Wnioski o skorzystanie z&nbsp;ww. praw dost\u0119pne s\u0105 dla os\u00f3b, kt\u00f3rych dane dotycz\u0105 w siedzibie administratora.<\/li><li>Osobie, kt\u00f3rej dane dotycz\u0105, przys\u0142uguje prawo z\u0142o\u017cenia skargi do organu nadzorczego, tj. Prezesa Urz\u0119du Ochrony Danych Osobowych, ul. Stawki 2, 00-193 Warszawa, tel. 22 531-03-00, godziny pracy urz\u0119du: 8.00\u201316.00, email: kancelaria@uodo.gov.pl.<\/li><li>Podanie danych jest dobrowolne, mo\u017ce wynika\u0107 z przepisu prawa albo stanowi\u0107 warunek zawarcia umowy.<\/li><li>Dane osobowe przetwarzane b\u0119d\u0105 do czasu osi\u0105gni\u0119cia celu, dla kt\u00f3rego zosta\u0142y zebrane. Dane przechowywane w plikach cookie przetwarzane b\u0119d\u0105 zgodnie z ustawieniami ka\u017cdego z plik\u00f3w cookie. Dane przetwarzane w&nbsp;zwi\u0105zku z zawarciem i wykonaniem umowy, zostan\u0105 usuni\u0119te po up\u0142ywie czasu dochodzenia lub obrony przed roszczenia wynikaj\u0105cymi z tej umowy. Dane osobowe przetwarzane ze wzgl\u0119du na obowi\u0105zek spoczywaj\u0105cy na administratorze danych zostan\u0105 usuni\u0119te po czasie wskazanym w&nbsp;przepisie nak\u0142adaj\u0105cym ten obowi\u0105zek. Dane osobowe przetwarzane na podstawie zgody przetwarzane b\u0119d\u0105 do czasu jej cofni\u0119cia. Zgod\u0119 mo\u017cna cofn\u0105\u0107 w dowolnym momencie bez wp\u0142ywu na zgodno\u015b\u0107 z prawem przetwarzania, kt\u00f3rego dokonano na podstawie zgody przed jej cofni\u0119ciem.<\/li><li>Wykaz podmiot\u00f3w wsp\u00f3\u0142pracuj\u0105cych z administratorem, kt\u00f3rym powierzone zosta\u0142o przetwarzanie danych osobowych, dost\u0119pny jest w siedzibie administratora.<\/li><li>Dane osobowe nie s\u0142u\u017c\u0105 automatycznemu podejmowaniu decyzji ani nie podlegaj\u0105 profilowaniu.<\/li><\/ol>\n","protected":false},"excerpt":{"rendered":"<p>Przetwarzanie danych osobowych Stosownie do tre\u015bci art. 13 ust. 1 i 2 Rozporz\u0105dzenia Parlamentu Europejskiego i Rady (UE) 2016\/679 z&nbsp;dnia 27 kwietnia 2016 r. w sprawie ochrony os\u00f3b fizycznych w zwi\u0105zku z przetwarzaniem danych osobowych i w sprawie swobodnego przep\u0142ywu takich danych oraz uchylenia dyrektywy 95\/46\/WE (og\u00f3lne rozporz\u0105dzenie o ochronie &hellip;<\/p>\n","protected":false},"author":2,"featured_media":0,"parent":0,"menu_order":0,"comment_status":"closed","ping_status":"closed","template":"","meta":{"footnotes":""},"class_list":["post-852","page","type-page","status-publish","hentry"],"_links":{"self":[{"href":"https:\/\/360eco.pl\/index.php\/wp-json\/wp\/v2\/pages\/852","targetHints":{"allow":["GET"]}}],"collection":[{"href":"https:\/\/360eco.pl\/index.php\/wp-json\/wp\/v2\/pages"}],"about":[{"href":"https:\/\/360eco.pl\/index.php\/wp-json\/wp\/v2\/types\/page"}],"author":[{"embeddable":true,"href":"https:\/\/360eco.pl\/index.php\/wp-json\/wp\/v2\/users\/2"}],"replies":[{"embeddable":true,"href":"https:\/\/360eco.pl\/index.php\/wp-json\/wp\/v2\/comments?post=852"}],"version-history":[{"count":2,"href":"https:\/\/360eco.pl\/index.php\/wp-json\/wp\/v2\/pages\/852\/revisions"}],"predecessor-version":[{"id":877,"href":"https:\/\/360eco.pl\/index.php\/wp-json\/wp\/v2\/pages\/852\/revisions\/877"}],"wp:attachment":[{"href":"https:\/\/360eco.pl\/index.php\/wp-json\/wp\/v2\/media?parent=852"}],"curies":[{"name":"wp","href":"https:\/\/api.w.org\/{rel}","templated":true}]}}