{"id":8,"date":"2018-07-14T09:19:13","date_gmt":"2018-07-14T07:19:13","guid":{"rendered":"http:\/\/10.4.0.3:4000\/?page_id=8"},"modified":"2020-09-06T12:21:57","modified_gmt":"2020-09-06T10:21:57","slug":"o-nas","status":"publish","type":"page","link":"https:\/\/360eco.pl\/index.php\/o-nas\/","title":{"rendered":"O nas"},"content":{"rendered":"\n<h2 class=\"wp-block-heading\">Profil firmy 360eco<\/h2>\n\n\n\n<div class=\"wp-block-group\"><div class=\"wp-block-group__inner-container is-layout-flow wp-block-group-is-layout-flow\">\n<p>Jeste\u015bmy zespo\u0142em m\u0142odych ludzi z pasj\u0105 &#8211; specjalist\u00f3w z zakresu ochrony powietrza, gospodarowania odpadami, gospodarki wodno-\u015bciekowej, ha\u0142asu oraz ekologii. Specjalizujemy si\u0119 w przygotowywaniu dokumentacji \u015brodowiskowych w tym raport\u00f3w \u015brodowiskowych, Kart Informacyjnych Przedsi\u0119wzi\u0119cia (KIP), operat\u00f3w wodnoprawnych, operat\u00f3w emisyjnych, wniosk\u00f3w o uzyskanie pozwole\u0144 czy zezwole\u0144 odpadowych i innych. Wspieramy inwestor\u00f3w w zakresie racjonalnego wykorzystania zasob\u00f3w \u015brodowiska oraz w procedurze uzyskania wymaganych pozwole\u0144 i zezwole\u0144. Skutecznie&nbsp; wsp\u00f3\u0142pracujemy w tym zakresie z administracj\u0105 publiczn\u0105.<\/p>\n<\/div><\/div>\n\n\n\n<p>Pomagamy przedsi\u0119biorcom w zakresie uzyskania wpisu do rejestru BDO (Baza Danych Odpadowych) oraz sporz\u0105dzania wszelkich sprawozda\u0144 \u015brodowiskowych. Dobro naszego \u015brodowiska jest dla nas priorytetem.<\/p>\n\n\n\n<p>Siedziba naszej firmy mie\u015bci si\u0119 w Olsztynie, w wojew\u00f3dztwie warmi\u0144sko-mazurskim. Jednak nie skupiamy si\u0119 na prowadzeniu dzia\u0142alno\u015bci jedynie w rejonie naszego wojew\u00f3dztwa. Zasi\u0119giem dzia\u0142alno\u015bci obejmujemy ca\u0142\u0105 Polsk\u0119.<\/p>\n\n\n\n<p>Znajomo\u015b\u0107 i \u015bledzenie dynamicznie zmieniaj\u0105cych si\u0119 przepis\u00f3w prawa pozwala z ca\u0142\u0105 pewno\u015bci stwierdzi\u0107, \u017ce wsp\u00f3\u0142praca z zespo\u0142em naszych specjalist\u00f3w jest najlepszym wyborem.<\/p>\n\n\n\n<div class=\"wp-block-group\"><div class=\"wp-block-group__inner-container is-layout-flow wp-block-group-is-layout-flow\">\n<h2 class=\"wp-block-heading\"><strong>Monika Gapi\u0144ska<\/strong><\/h2>\n\n\n\n<p><\/p>\n<\/div><\/div>\n\n\n\n<div class=\"wp-block-group\"><div class=\"wp-block-group__inner-container is-layout-flow wp-block-group-is-layout-flow\">\n<p>e-mail: <a href=\"mailto:m.gapinska@360eco.pl\">m.gapinska@360eco.pl<\/a><br>tel. <a href=\"tel:+48506435511\">506-435-511<\/a><\/p>\n\n\n\n<p>Ochron\u0119 \u015brodowiska traktuj\u0119 jako spos\u00f3b na \u017cycie, a za\u0142o\u017cenie firmy 360eco jako po\u0142\u0105czenie pasji z \u017cyciem zawodowym. Swoj\u0105 drog\u0119 w bran\u017cy rozpocz\u0119\u0142am nauk\u0105 na Wydziale Ochrony \u015arodowiska i Rybactwa \u015ar\u00f3dl\u0105dowego Uniwersytetu Warmi\u0144sko-Mazurskiego w Olsztynie. W 2001 roku uko\u0144czy\u0142am kierunek Ochrona \u015arodowiska o specjalno\u015bci ochrona w\u00f3d. Moja \u015bcie\u017cka zawodowa obejmuje prac\u0119 u prywatnego przedsi\u0119biorcy zajmuj\u0105cego si\u0119 spalaniem odpad\u00f3w medycznych i weterynaryjnych, prac\u0119 w organach administracji publicznej tj. Urz\u0105d Miasta &nbsp;\u0141odzi, gdzie zajmowa\u0142am si\u0119 procesem inwestycyjnym w gospodarce wodno-\u015bciekowej oraz Urz\u0105d Marsza\u0142kowski Wojew\u00f3dztwa Warmi\u0144sko-Mazurskiego w Olsztynie, gdzie zajmowa\u0142am si\u0119 zagadnieniami ochrony powietrza oraz ochrony przed ha\u0142asem. Dodam, &nbsp;\u017ce uczestniczy\u0142am w pracach Grupy Roboczej ds. Ochrony Powietrza i Energetyki oraz Grupy Roboczej ds. Ha\u0142asu &#8211; w ramach krajowej sieci organ\u00f3w \u015brodowiskowych i instytucji zarz\u0105dzaj\u0105cych funduszami unijnymi \u201ePartnerstwo: \u015arodowisko dla Rozwoju&#8221;.<\/p>\n\n\n\n<p>\u015awiadomo\u015b\u0107 istniej\u0105cych zagro\u017ce\u0144 \u015brodowiskowych, do\u015bwiadczenie zawodowe oraz znajomo\u015b\u0107 przepis\u00f3w prawa spowodowa\u0142a, \u017ce rozpocz\u0119\u0142am prac\u0119 na rzecz przedsi\u0119biorc\u00f3w, a tak\u017ce ka\u017cdego z nas. Nie stroni\u0119 od uczestnictwa w edukacyjnych projektach \u015brodowiskowo-ekologicznych, prowadz\u0105c spotkania informacyjne dla przedsi\u0119biorc\u00f3w zaczynaj\u0105cych swoj\u0105 drog\u0119 w biznesie.<\/p>\n\n\n\n<p>W \u017cyciu prywatnym oraz zawodowym najbardziej ceni\u0119 kontakt z lud\u017ami oraz szacunek do drugiego cz\u0142owieka.<\/p>\n<\/div><\/div>\n\n\n\n<h2 class=\"wp-block-heading\">Joanna Sulima<\/h2>\n\n\n\n<p>e-mail: <a href=\"mailto:360eco.joannasulima@gmail.com\">360eco.joannasulima@gmail.com<\/a><br>tel. <a href=\"tel:+48511370780\">511-370-780<\/a><\/p>\n","protected":false},"excerpt":{"rendered":"<p>Profil firmy 360eco Jeste\u015bmy zespo\u0142em m\u0142odych ludzi z pasj\u0105 &#8211; specjalist\u00f3w z zakresu ochrony powietrza, gospodarowania odpadami, gospodarki wodno-\u015bciekowej, ha\u0142asu oraz ekologii. Specjalizujemy si\u0119 w przygotowywaniu dokumentacji \u015brodowiskowych w tym raport\u00f3w \u015brodowiskowych, Kart Informacyjnych Przedsi\u0119wzi\u0119cia (KIP), operat\u00f3w wodnoprawnych, operat\u00f3w emisyjnych, wniosk\u00f3w o uzyskanie pozwole\u0144 czy zezwole\u0144 odpadowych i innych. Wspieramy &hellip;<\/p>\n","protected":false},"author":1,"featured_media":0,"parent":0,"menu_order":0,"comment_status":"closed","ping_status":"closed","template":"","meta":{"footnotes":""},"class_list":["post-8","page","type-page","status-publish","hentry"],"_links":{"self":[{"href":"https:\/\/360eco.pl\/index.php\/wp-json\/wp\/v2\/pages\/8","targetHints":{"allow":["GET"]}}],"collection":[{"href":"https:\/\/360eco.pl\/index.php\/wp-json\/wp\/v2\/pages"}],"about":[{"href":"https:\/\/360eco.pl\/index.php\/wp-json\/wp\/v2\/types\/page"}],"author":[{"embeddable":true,"href":"https:\/\/360eco.pl\/index.php\/wp-json\/wp\/v2\/users\/1"}],"replies":[{"embeddable":true,"href":"https:\/\/360eco.pl\/index.php\/wp-json\/wp\/v2\/comments?post=8"}],"version-history":[{"count":20,"href":"https:\/\/360eco.pl\/index.php\/wp-json\/wp\/v2\/pages\/8\/revisions"}],"predecessor-version":[{"id":801,"href":"https:\/\/360eco.pl\/index.php\/wp-json\/wp\/v2\/pages\/8\/revisions\/801"}],"wp:attachment":[{"href":"https:\/\/360eco.pl\/index.php\/wp-json\/wp\/v2\/media?parent=8"}],"curies":[{"name":"wp","href":"https:\/\/api.w.org\/{rel}","templated":true}]}}