{"id":65,"date":"2018-07-14T13:52:32","date_gmt":"2018-07-14T11:52:32","guid":{"rendered":"http:\/\/10.4.0.3:4000\/?page_id=65"},"modified":"2018-07-20T00:04:17","modified_gmt":"2018-07-19T22:04:17","slug":"karta-informacyjna-przedsiewziecia","status":"publish","type":"page","link":"https:\/\/360eco.pl\/index.php\/oferta\/wnioski-opracowania-karty\/karta-informacyjna-przedsiewziecia\/","title":{"rendered":"Karta informacyjna przedsi\u0119wzi\u0119cia"},"content":{"rendered":"<p id=\"h.p_OXJFQjp6dyZk\" class=\"zfr3Q\" style=\"text-align: justify;\"><strong>Podstawa prawna:<\/strong><\/p>\n<p id=\"h.p__Ponl3NvdyZk\" class=\"zfr3Q\" style=\"text-align: justify;\">Art. 62a ustawy z dnia 3 pa\u017adziernika 2008 r.\u00a0<em>o udost\u0119pnianiu informacji o \u015brodowisku i jego ochronie, udziale spo\u0142ecze\u0144stwa w ochronie \u015brodowiska oraz o ocenach oddzia\u0142ywania na \u015brodowisko.<\/em><\/p>\n<p id=\"h.p_zrQkI4gSdyZk\" class=\"zfr3Q\" style=\"text-align: justify;\"><strong>Kogo dotyczy:<\/strong><\/p>\n<p id=\"h.p_7StQJmaUdyZk\" class=\"zfr3Q\" style=\"text-align: justify;\">Karta informacyjna przedsi\u0119wzi\u0119cia jest dokumentem, kt\u00f3ry przedsi\u0119biorca planuj\u0105cy inwestycj\u0119 mog\u0105c\u0105 potencjalnie znacz\u0105co oddzia\u0142ywa\u0107 na \u015brodowisko, sk\u0142ada we w\u0142a\u015bciwym urz\u0119dzie gminy przed uzyskaniem decyzji o \u015brodowiskowych uwarunkowaniach.<\/p>\n<p id=\"h.p_1N8VC5HcdyZl\" class=\"zfr3Q\" style=\"text-align: justify;\">Ponadto zgodnie z art. 69 ustawy z dnia 3 pa\u017adziernika 2008 r.\u00a0<em>o udost\u0119pnianiu informacji o \u015brodowisku i jego ochronie, udziale spo\u0142ecze\u0144stwa w ochronie \u015brodowiska oraz o ocenach oddzia\u0142ywania na \u015brodowisko<\/em>, wnioskodawca mo\u017ce, sk\u0142adaj\u0105c wniosek o wydanie decyzji o \u015brodowiskowych uwarunkowaniach dla przedsi\u0119wzi\u0119\u0107 mog\u0105cych zawsze znacz\u0105co oddzia\u0142ywa\u0107 na \u015brodowisko, zamiast raportu o oddzia\u0142ywaniu przedsi\u0119wzi\u0119cia na \u015brodowisko (patrz zak\u0142adka Raport o oddzia\u0142ywaniu przedsi\u0119wzi\u0119cia na \u015brodowisko), z\u0142o\u017cy\u0107 kart\u0119 informacyjn\u0105 przedsi\u0119wzi\u0119cia wraz z wnioskiem o ustalenie zakresu raportu.<\/p>\n<p id=\"h.p_hXOqQmoBdyZl\" class=\"zfr3Q\" style=\"text-align: justify;\">Przedsi\u0119wzi\u0119cia, kt\u00f3re mog\u0105 potencjalnie znacz\u0105co oddzia\u0142ywa\u0107 na \u015brodowisko, zosta\u0142y wskazane w rozporz\u0105dzeniu Rady Ministr\u00f3w z dnia 9 listopada 2010 r.\u00a0<em>W sprawie przedsi\u0119wzi\u0119\u0107 mog\u0105cych znacz\u0105co oddzia\u0142ywa\u0107 na \u015brodowisko.<\/em><\/p>\n<p id=\"h.p_IdPnGAM7dyZn\" class=\"zfr3Q\" style=\"text-align: justify;\"><strong>Zawiera dane:<\/strong><\/p>\n<p id=\"h.p_YBSWC1lIdyZn\" class=\"zfr3Q\" style=\"text-align: justify;\">Karta informacyjna przedsi\u0119wzi\u0119cia powinna zawiera\u0107 podstawowe informacje o planowanym przedsi\u0119wzi\u0119ciu okre\u015blone w art. 62a ust. 1 ustawy z dnia 3 pa\u017adziernika 2008 r.\u00a0<em>O udost\u0119pnianiu informacji o \u015brodowisku i jego ochronie, udziale spo\u0142ecze\u0144stwa w ochronie \u015brodowiska oraz o ocenach oddzia\u0142ywania na \u015brodowisko<\/em>, umo\u017cliwiaj\u0105ce analiz\u0119 kryteri\u00f3w, o kt\u00f3rych mowa w art. 63 ust. 1 ww. ustawy, lub okre\u015blenie zakresu raportu o oddzia\u0142ywaniu przedsi\u0119wzi\u0119cia na \u015brodowisko zgodnie z art. 69 ww. ustawy.<\/p>\n<p id=\"h.p_SfCnqdBcdyZo\" class=\"zfr3Q\" style=\"text-align: justify;\">Ponadto w karcie informacyjnej przedsi\u0119wzi\u0119cia nale\u017cy uwzgl\u0119dni\u0107 informacje zwarte w art. 62 ustawy z dnia 3 pa\u017adziernika 2008 r.\u00a0<em>O udost\u0119pnianiu informacji o \u015brodowisku i jego ochronie, udziale spo\u0142ecze\u0144stwa w ochronie \u015brodowiska oraz o ocenach oddzia\u0142ywania na \u015brodowisko.<\/em><\/p>\n","protected":false},"excerpt":{"rendered":"<p>Podstawa prawna: Art. 62a ustawy z dnia 3 pa\u017adziernika 2008 r.\u00a0o udost\u0119pnianiu informacji o \u015brodowisku i jego ochronie, udziale spo\u0142ecze\u0144stwa w ochronie \u015brodowiska oraz o ocenach oddzia\u0142ywania na \u015brodowisko. Kogo dotyczy: Karta informacyjna przedsi\u0119wzi\u0119cia jest dokumentem, kt\u00f3ry przedsi\u0119biorca planuj\u0105cy inwestycj\u0119 mog\u0105c\u0105 potencjalnie znacz\u0105co oddzia\u0142ywa\u0107 na \u015brodowisko, sk\u0142ada we w\u0142a\u015bciwym urz\u0119dzie &hellip;<\/p>\n","protected":false},"author":1,"featured_media":0,"parent":136,"menu_order":0,"comment_status":"closed","ping_status":"closed","template":"","meta":{"footnotes":""},"class_list":["post-65","page","type-page","status-publish","hentry"],"_links":{"self":[{"href":"https:\/\/360eco.pl\/index.php\/wp-json\/wp\/v2\/pages\/65","targetHints":{"allow":["GET"]}}],"collection":[{"href":"https:\/\/360eco.pl\/index.php\/wp-json\/wp\/v2\/pages"}],"about":[{"href":"https:\/\/360eco.pl\/index.php\/wp-json\/wp\/v2\/types\/page"}],"author":[{"embeddable":true,"href":"https:\/\/360eco.pl\/index.php\/wp-json\/wp\/v2\/users\/1"}],"replies":[{"embeddable":true,"href":"https:\/\/360eco.pl\/index.php\/wp-json\/wp\/v2\/comments?post=65"}],"version-history":[{"count":4,"href":"https:\/\/360eco.pl\/index.php\/wp-json\/wp\/v2\/pages\/65\/revisions"}],"predecessor-version":[{"id":420,"href":"https:\/\/360eco.pl\/index.php\/wp-json\/wp\/v2\/pages\/65\/revisions\/420"}],"up":[{"embeddable":true,"href":"https:\/\/360eco.pl\/index.php\/wp-json\/wp\/v2\/pages\/136"}],"wp:attachment":[{"href":"https:\/\/360eco.pl\/index.php\/wp-json\/wp\/v2\/media?parent=65"}],"curies":[{"name":"wp","href":"https:\/\/api.w.org\/{rel}","templated":true}]}}