{"id":61,"date":"2018-07-14T13:52:31","date_gmt":"2018-07-14T11:52:31","guid":{"rendered":"http:\/\/10.4.0.3:4000\/?page_id=61"},"modified":"2018-07-20T00:00:38","modified_gmt":"2018-07-19T22:00:38","slug":"doradztwo-i-obsluga-w-zakresie-ochrony-srodowiska","status":"publish","type":"page","link":"https:\/\/360eco.pl\/index.php\/oferta\/doradztwo-i-obsluga-w-zakresie-ochrony-srodowiska\/","title":{"rendered":"Doradztwo i obs\u0142uga w zakresie ochrony \u015brodowiska"},"content":{"rendered":"<p id=\"h.p_yxaJM9CxumqB\" class=\"zfr3Q\" style=\"text-align: justify;\">Oferujemy kompleksow\u0105 obs\u0142ug\u0119 przedsi\u0119biorstwa w zakresie wymaga\u0144 ochrony \u015brodowiska a tak\u017ce pomagamy spe\u0142ni\u0107 obowi\u0105zki wynikaj\u0105ce z akt\u00f3w prawnych ochrony \u015brodowiska.<\/p>\n<p id=\"h.p_MVfzq3jqusK-\" class=\"zfr3Q\" style=\"text-align: justify;\">Dzia\u0142alno\u015b\u0107 gospodarcza wi\u0105\u017ce si\u0119 z korzystaniem ze \u015brodowiska cho\u0107by poprzez posiadanie samochod\u00f3w ci\u0119\u017carowych i osobowych, kot\u0142owni, gospodarowanie odpadami, wytwarzania opakowa\u0144, odprowadzania \u015bciek\u00f3w do w\u00f3d lub do ziemi, emisje zanieczyszcze\u0144 do powietrza na z ferm drobiu czy trzody chlewnej.<\/p>\n<p id=\"h.p_0x21klzBusK_\" class=\"zfr3Q\" style=\"text-align: justify;\">Proponujemy sta\u0142\u0105 obs\u0142ug\u0119 przedsi\u0119biorstwa b\u0105d\u017a te\u017c doradztwo w zakresie formalnoprawnym aby mieli Pa\u0144stwo pewno\u015b\u0107, \u017ce obowi\u0105zki ochrony \u015brodowiska w firmie s\u0105 spe\u0142nione.<\/p>\n<p id=\"h.p_4XU56BfZusK_\" class=\"zfr3Q\" style=\"text-align: justify;\">Specjalizujemy si\u0119 w uzyskiwaniu decyzji sektorowych, pomagamy w uzyskaniu wszelkich pozwole\u0144 oraz decyzji administracyjnych w ochronie \u015brodowiska dla przedsi\u0119biorstw, ze szczeg\u00f3lnym naciskiem na fermy drobiu i trzody chlewnej oraz zak\u0142ady produkcyjne. Zajmujemy si\u0119 tak\u017ce uzysaniem decyzji \u015brodowiskowych oraz decyzji zintegrowanych. Realizujemy tak\u017ce raporty oddzia\u0142ywania na \u015brodowisko oraz inne uzgodnienia formalno-prawne.<\/p>\n<p id=\"h.p_q_x7mnD_usK_\" class=\"zfr3Q\" style=\"text-align: justify;\">Wyr\u00f3\u017cnia nas zesp\u00f3\u0142 ludzi z pasj\u0105, zaanga\u017cowanych w powierzone sprawy oraz z wieloletni\u0105 praktyk\u0105 w pracy w organach administracji publicznej. Do ka\u017cdego klienta podchodzimy indywidualnie bior\u0105c pod uwag\u0119 rodzaj prowadzonej dzia\u0142alno\u015bci, wielko\u015b\u0107 przedsi\u0119biorstwa oraz jego lakalizacj\u0119.<\/p>\n<p id=\"h.p_ym84I1l7usLA\" class=\"zfr3Q\" style=\"text-align: justify;\">Obs\u0142ug\u0119 prowadzimy zar\u00f3wno w j\u0119zyku polskim, niemieckim jak i angielskim.<\/p>\n<p id=\"h.p_x_T6_n6susLB\" class=\"zfr3Q\" style=\"text-align: justify;\"><em><u>Zakres us\u0142ug:<\/u><\/em><\/p>\n<ul>\n<li id=\"h.p_6tAfPUKausLC\" class=\"zfr3Q\" style=\"text-align: justify;\">sta\u0142a opieka nad inwestorami w zakresie spe\u0142niania przepis\u00f3w zwi\u0105zanych z ochron\u0105 \u015brodowiska w ich przedsi\u0119biorstwach,<\/li>\n<li id=\"h.p_M-1GSLr-usLD\" class=\"zfr3Q\" style=\"text-align: justify;\">wpisy i aktualizacja w rejestrze BDO,<\/li>\n<li id=\"h.p_6AredkbjusLD\" class=\"zfr3Q\" style=\"text-align: justify;\">sprawozdawczo\u015b\u0107 w zakresie op\u0142at za korzystanie ze \u015brodowiska,<\/li>\n<li id=\"h.p_kjjnmDQvusLD\" class=\"zfr3Q\" style=\"text-align: justify;\">sprawozdawczo\u015b\u0107 w zakresie gospodarowania odpadami i opakowa\u0144,<\/li>\n<li id=\"h.p_AGn3_ioUusLE\" class=\"zfr3Q\" style=\"text-align: justify;\">sprawozdawczo\u015b\u0107 w zakresie KOBIZE,<\/li>\n<li id=\"h.p_0SdUw00nusLE\" class=\"zfr3Q\" style=\"text-align: justify;\">audyty\/przegl\u0105dy przedsi\u0119biorstwa w zakresie spe\u0142nienia wymaga\u0144 ochrony \u015brodowiska,<\/li>\n<li id=\"h.p_tS7YR0l8usLF\" class=\"zfr3Q\" style=\"text-align: justify;\">realizacja zarz\u0105dze\u0144 pokontrolnych organ\u00f3w ochrony \u015brodowiska oraz wojew\u00f3dzkiej inspekcji ochrony \u015brodowiska,<\/li>\n<li id=\"h.p_Hfx9EkdIusLH\" class=\"zfr3Q\" style=\"text-align: justify;\">reprezentowanie klient\u00f3w w sprawach ochrony \u015brodowiska przed stosownymi urz\u0119dami.<\/li>\n<\/ul>\n","protected":false},"excerpt":{"rendered":"<p>Oferujemy kompleksow\u0105 obs\u0142ug\u0119 przedsi\u0119biorstwa w zakresie wymaga\u0144 ochrony \u015brodowiska a tak\u017ce pomagamy spe\u0142ni\u0107 obowi\u0105zki wynikaj\u0105ce z akt\u00f3w prawnych ochrony \u015brodowiska. Dzia\u0142alno\u015b\u0107 gospodarcza wi\u0105\u017ce si\u0119 z korzystaniem ze \u015brodowiska cho\u0107by poprzez posiadanie samochod\u00f3w ci\u0119\u017carowych i osobowych, kot\u0142owni, gospodarowanie odpadami, wytwarzania opakowa\u0144, odprowadzania \u015bciek\u00f3w do w\u00f3d lub do ziemi, emisje zanieczyszcze\u0144 do &hellip;<\/p>\n","protected":false},"author":1,"featured_media":0,"parent":134,"menu_order":0,"comment_status":"closed","ping_status":"closed","template":"","meta":{"footnotes":""},"class_list":["post-61","page","type-page","status-publish","hentry"],"_links":{"self":[{"href":"https:\/\/360eco.pl\/index.php\/wp-json\/wp\/v2\/pages\/61","targetHints":{"allow":["GET"]}}],"collection":[{"href":"https:\/\/360eco.pl\/index.php\/wp-json\/wp\/v2\/pages"}],"about":[{"href":"https:\/\/360eco.pl\/index.php\/wp-json\/wp\/v2\/types\/page"}],"author":[{"embeddable":true,"href":"https:\/\/360eco.pl\/index.php\/wp-json\/wp\/v2\/users\/1"}],"replies":[{"embeddable":true,"href":"https:\/\/360eco.pl\/index.php\/wp-json\/wp\/v2\/comments?post=61"}],"version-history":[{"count":4,"href":"https:\/\/360eco.pl\/index.php\/wp-json\/wp\/v2\/pages\/61\/revisions"}],"predecessor-version":[{"id":414,"href":"https:\/\/360eco.pl\/index.php\/wp-json\/wp\/v2\/pages\/61\/revisions\/414"}],"up":[{"embeddable":true,"href":"https:\/\/360eco.pl\/index.php\/wp-json\/wp\/v2\/pages\/134"}],"wp:attachment":[{"href":"https:\/\/360eco.pl\/index.php\/wp-json\/wp\/v2\/media?parent=61"}],"curies":[{"name":"wp","href":"https:\/\/api.w.org\/{rel}","templated":true}]}}