{"id":60,"date":"2018-07-14T13:52:31","date_gmt":"2018-07-14T11:52:31","guid":{"rendered":"http:\/\/10.4.0.3:4000\/?page_id=60"},"modified":"2018-07-17T17:47:18","modified_gmt":"2018-07-17T15:47:18","slug":"audyty-i-przeglady-srodowiskowe","status":"publish","type":"page","link":"https:\/\/360eco.pl\/index.php\/oferta\/audyty-i-przeglady-srodowiskowe\/","title":{"rendered":"Audyty i przegl\u0105dy \u015brodowiskowe"},"content":{"rendered":"<ul class=\"n8H08c UVNKR\">\n<li id=\"h.p_vurmp44Zqs8z\" class=\"zfr3Q TYR86d\">Gospodarka odpadami.<\/li>\n<li id=\"h.p_DUuCdD2Sqs80\" class=\"zfr3Q TYR86d\">Emisja gaz\u00f3w lub py\u0142\u00f3w do powietrza i naliczanie op\u0142aty \u015brodowiskowych.<\/li>\n<li id=\"h.p_9cHygmeKqs80\" class=\"zfr3Q TYR86d\">Obowi\u0105zki w dotycz\u0105ce wprowadzania na rynek krajowy produkt\u00f3w specjalnego nadzoru (produkt\u00f3w w opakowaniach, sprz\u0119tu elektrycznego i elektronicznego, baterii i akumulator\u00f3w, pojazd\u00f3w, opakowa\u0144).<\/li>\n<li id=\"h.p_imjtu87Aqs81\" class=\"zfr3Q TYR86d\">Audyt recykler\u00f3w.<\/li>\n<li id=\"h.p_OQGhmmtyqs82\" class=\"zfr3Q TYR86d\">Audyt zak\u0142ad\u00f3w przetwarzania zu\u017cytego sprz\u0119tu elektronicznego i elektrycznego (ZSEIE).<\/li>\n<li id=\"h.p_vUoximNeqs83\" class=\"zfr3Q TYR86d\">Prawid\u0142owo\u015b\u0107 naliczania op\u0142at \u015brodowiskowych.<\/li>\n<\/ul>\n","protected":false},"excerpt":{"rendered":"<p>Gospodarka odpadami. Emisja gaz\u00f3w lub py\u0142\u00f3w do powietrza i naliczanie op\u0142aty \u015brodowiskowych. Obowi\u0105zki w dotycz\u0105ce wprowadzania na rynek krajowy produkt\u00f3w specjalnego nadzoru (produkt\u00f3w w opakowaniach, sprz\u0119tu elektrycznego i elektronicznego, baterii i akumulator\u00f3w, pojazd\u00f3w, opakowa\u0144). Audyt recykler\u00f3w. Audyt zak\u0142ad\u00f3w przetwarzania zu\u017cytego sprz\u0119tu elektronicznego i elektrycznego (ZSEIE). Prawid\u0142owo\u015b\u0107 naliczania op\u0142at \u015brodowiskowych.<\/p>\n","protected":false},"author":1,"featured_media":0,"parent":134,"menu_order":0,"comment_status":"closed","ping_status":"closed","template":"","meta":{"footnotes":""},"class_list":["post-60","page","type-page","status-publish","hentry"],"_links":{"self":[{"href":"https:\/\/360eco.pl\/index.php\/wp-json\/wp\/v2\/pages\/60","targetHints":{"allow":["GET"]}}],"collection":[{"href":"https:\/\/360eco.pl\/index.php\/wp-json\/wp\/v2\/pages"}],"about":[{"href":"https:\/\/360eco.pl\/index.php\/wp-json\/wp\/v2\/types\/page"}],"author":[{"embeddable":true,"href":"https:\/\/360eco.pl\/index.php\/wp-json\/wp\/v2\/users\/1"}],"replies":[{"embeddable":true,"href":"https:\/\/360eco.pl\/index.php\/wp-json\/wp\/v2\/comments?post=60"}],"version-history":[{"count":3,"href":"https:\/\/360eco.pl\/index.php\/wp-json\/wp\/v2\/pages\/60\/revisions"}],"predecessor-version":[{"id":395,"href":"https:\/\/360eco.pl\/index.php\/wp-json\/wp\/v2\/pages\/60\/revisions\/395"}],"up":[{"embeddable":true,"href":"https:\/\/360eco.pl\/index.php\/wp-json\/wp\/v2\/pages\/134"}],"wp:attachment":[{"href":"https:\/\/360eco.pl\/index.php\/wp-json\/wp\/v2\/media?parent=60"}],"curies":[{"name":"wp","href":"https:\/\/api.w.org\/{rel}","templated":true}]}}