{"id":59,"date":"2018-07-14T13:52:30","date_gmt":"2018-07-14T11:52:30","guid":{"rendered":"http:\/\/10.4.0.3:4000\/?page_id=59"},"modified":"2018-07-17T17:47:02","modified_gmt":"2018-07-17T15:47:02","slug":"sprawozdawczosc","status":"publish","type":"page","link":"https:\/\/360eco.pl\/index.php\/oferta\/sprawozdawczosc\/","title":{"rendered":"Sprawozdawczo\u015b\u0107"},"content":{"rendered":"<ul class=\"n8H08c UVNKR\">\n<li id=\"h.p_Vk1nHa09qs8r\" class=\"zfr3Q TYR86d\">Raport do Krajowego O\u015brodka Bilansowania i Zarz\u0105dzania Emisjami (KOBIZE).<\/li>\n<li id=\"h.p_fbP2XFEWqs8s\" class=\"zfr3Q TYR86d\">Sprawozdanie: op\u0142aty za korzystanie ze \u015brodowiska.<\/li>\n<li id=\"h.p_yZvq1XeVqs8t\" class=\"zfr3Q TYR86d\">Sprawozdanie o odpadach.<\/li>\n<li id=\"h.p_8jxVHUWJqs8t\" class=\"zfr3Q TYR86d\">Sprawozdania wynikaj\u0105ce z ustawy o zu\u017cytym sprz\u0119cie elektrycznym i elektronicznym obowi\u0105zuj\u0105ce wprowadzaj\u0105cego.<\/li>\n<li id=\"h.p_9LKOfrBEqs8v\" class=\"zfr3Q TYR86d\">Sprawozdania wynikaj\u0105ce z ustawy o bateriach i akumulatorach obowi\u0105zuj\u0105ce wprowadzaj\u0105cego.<\/li>\n<li id=\"h.p_cO1u1udlqs8w\" class=\"zfr3Q TYR86d\">Sprawozdania w zakresie opakowa\u0144.<\/li>\n<li id=\"h.p_JpZXspAoqs8x\" class=\"zfr3Q TYR86d\">sprawozdanie w zakresie op\u0142aty produktowej.<\/li>\n<\/ul>\n","protected":false},"excerpt":{"rendered":"<p>Raport do Krajowego O\u015brodka Bilansowania i Zarz\u0105dzania Emisjami (KOBIZE). Sprawozdanie: op\u0142aty za korzystanie ze \u015brodowiska. Sprawozdanie o odpadach. Sprawozdania wynikaj\u0105ce z ustawy o zu\u017cytym sprz\u0119cie elektrycznym i elektronicznym obowi\u0105zuj\u0105ce wprowadzaj\u0105cego. Sprawozdania wynikaj\u0105ce z ustawy o bateriach i akumulatorach obowi\u0105zuj\u0105ce wprowadzaj\u0105cego. Sprawozdania w zakresie opakowa\u0144. sprawozdanie w zakresie op\u0142aty produktowej.<\/p>\n","protected":false},"author":1,"featured_media":0,"parent":134,"menu_order":0,"comment_status":"closed","ping_status":"closed","template":"","meta":{"footnotes":""},"class_list":["post-59","page","type-page","status-publish","hentry"],"_links":{"self":[{"href":"https:\/\/360eco.pl\/index.php\/wp-json\/wp\/v2\/pages\/59","targetHints":{"allow":["GET"]}}],"collection":[{"href":"https:\/\/360eco.pl\/index.php\/wp-json\/wp\/v2\/pages"}],"about":[{"href":"https:\/\/360eco.pl\/index.php\/wp-json\/wp\/v2\/types\/page"}],"author":[{"embeddable":true,"href":"https:\/\/360eco.pl\/index.php\/wp-json\/wp\/v2\/users\/1"}],"replies":[{"embeddable":true,"href":"https:\/\/360eco.pl\/index.php\/wp-json\/wp\/v2\/comments?post=59"}],"version-history":[{"count":3,"href":"https:\/\/360eco.pl\/index.php\/wp-json\/wp\/v2\/pages\/59\/revisions"}],"predecessor-version":[{"id":393,"href":"https:\/\/360eco.pl\/index.php\/wp-json\/wp\/v2\/pages\/59\/revisions\/393"}],"up":[{"embeddable":true,"href":"https:\/\/360eco.pl\/index.php\/wp-json\/wp\/v2\/pages\/134"}],"wp:attachment":[{"href":"https:\/\/360eco.pl\/index.php\/wp-json\/wp\/v2\/media?parent=59"}],"curies":[{"name":"wp","href":"https:\/\/api.w.org\/{rel}","templated":true}]}}