{"id":492,"date":"2018-09-26T20:04:40","date_gmt":"2018-09-26T18:04:40","guid":{"rendered":"https:\/\/360eco.pl\/?page_id=492"},"modified":"2018-09-26T20:11:25","modified_gmt":"2018-09-26T18:11:25","slug":"prawa-autorskie","status":"publish","type":"page","link":"https:\/\/360eco.pl\/index.php\/prawa-autorskie\/","title":{"rendered":"Prawa autorskie"},"content":{"rendered":"<p>W serwisie zamieszczane s\u0105 tak\u017ce utwory, co do kt\u00f3rych prawa autorskie przys\u0142uguj\u0105 osobom trzecim. Ich wykorzystanie przez internaut\u00f3w wymaga zgody w\u0142a\u015bcicieli tych materia\u0142\u00f3w.<\/p>\n<p>W przypadku naruszenia prawa autorskiego zastosowanie maj\u0105 przepisy ustawy z dnia 4 lutego 1994 r. Prawo autorskie i prawa pokrewne (Dz.U. z\u00a02006\u00a0r. Nr 90 poz. 631 z p\u00f3\u017an. zm. &#8211; tekst jednolity).<\/p>\n<p>&nbsp;<\/p>\n","protected":false},"excerpt":{"rendered":"<p>W serwisie zamieszczane s\u0105 tak\u017ce utwory, co do kt\u00f3rych prawa autorskie przys\u0142uguj\u0105 osobom trzecim. Ich wykorzystanie przez internaut\u00f3w wymaga zgody w\u0142a\u015bcicieli tych materia\u0142\u00f3w. W przypadku naruszenia prawa autorskiego zastosowanie maj\u0105 przepisy ustawy z dnia 4 lutego 1994 r. Prawo autorskie i prawa pokrewne (Dz.U. z\u00a02006\u00a0r. Nr 90 poz. 631 z &hellip;<\/p>\n","protected":false},"author":1,"featured_media":0,"parent":0,"menu_order":0,"comment_status":"closed","ping_status":"closed","template":"","meta":{"footnotes":""},"class_list":["post-492","page","type-page","status-publish","hentry"],"_links":{"self":[{"href":"https:\/\/360eco.pl\/index.php\/wp-json\/wp\/v2\/pages\/492","targetHints":{"allow":["GET"]}}],"collection":[{"href":"https:\/\/360eco.pl\/index.php\/wp-json\/wp\/v2\/pages"}],"about":[{"href":"https:\/\/360eco.pl\/index.php\/wp-json\/wp\/v2\/types\/page"}],"author":[{"embeddable":true,"href":"https:\/\/360eco.pl\/index.php\/wp-json\/wp\/v2\/users\/1"}],"replies":[{"embeddable":true,"href":"https:\/\/360eco.pl\/index.php\/wp-json\/wp\/v2\/comments?post=492"}],"version-history":[{"count":2,"href":"https:\/\/360eco.pl\/index.php\/wp-json\/wp\/v2\/pages\/492\/revisions"}],"predecessor-version":[{"id":578,"href":"https:\/\/360eco.pl\/index.php\/wp-json\/wp\/v2\/pages\/492\/revisions\/578"}],"wp:attachment":[{"href":"https:\/\/360eco.pl\/index.php\/wp-json\/wp\/v2\/media?parent=492"}],"curies":[{"name":"wp","href":"https:\/\/api.w.org\/{rel}","templated":true}]}}