{"id":160,"date":"2018-07-14T17:13:49","date_gmt":"2018-07-14T15:13:49","guid":{"rendered":"http:\/\/10.4.0.3:4000\/?page_id=160"},"modified":"2018-07-20T00:06:29","modified_gmt":"2018-07-19T22:06:29","slug":"raporty","status":"publish","type":"page","link":"https:\/\/360eco.pl\/index.php\/oferta\/wnioski-opracowania-karty\/raporty\/","title":{"rendered":"Raporty"},"content":{"rendered":"<div id=\"ez-toc-container\" class=\"ez-toc-v2_0_73 counter-hierarchy ez-toc-counter ez-toc-grey ez-toc-container-direction\">\n<p class=\"ez-toc-title\" style=\"cursor:inherit\">Spis tre\u015bci<\/p>\n<label for=\"ez-toc-cssicon-toggle-item-69e8cf4686d85\" class=\"ez-toc-cssicon-toggle-label\"><span class=\"\"><span class=\"eztoc-hide\" style=\"display:none;\">Toggle<\/span><span class=\"ez-toc-icon-toggle-span\"><svg style=\"fill: #999;color:#999\" xmlns=\"http:\/\/www.w3.org\/2000\/svg\" class=\"list-377408\" width=\"20px\" height=\"20px\" viewBox=\"0 0 24 24\" fill=\"none\"><path d=\"M6 6H4v2h2V6zm14 0H8v2h12V6zM4 11h2v2H4v-2zm16 0H8v2h12v-2zM4 16h2v2H4v-2zm16 0H8v2h12v-2z\" fill=\"currentColor\"><\/path><\/svg><svg style=\"fill: #999;color:#999\" class=\"arrow-unsorted-368013\" xmlns=\"http:\/\/www.w3.org\/2000\/svg\" width=\"10px\" height=\"10px\" viewBox=\"0 0 24 24\" version=\"1.2\" baseProfile=\"tiny\"><path d=\"M18.2 9.3l-6.2-6.3-6.2 6.3c-.2.2-.3.4-.3.7s.1.5.3.7c.2.2.4.3.7.3h11c.3 0 .5-.1.7-.3.2-.2.3-.5.3-.7s-.1-.5-.3-.7zM5.8 14.7l6.2 6.3 6.2-6.3c.2-.2.3-.5.3-.7s-.1-.5-.3-.7c-.2-.2-.4-.3-.7-.3h-11c-.3 0-.5.1-.7.3-.2.2-.3.5-.3.7s.1.5.3.7z\"\/><\/svg><\/span><\/span><\/label><input type=\"checkbox\"  id=\"ez-toc-cssicon-toggle-item-69e8cf4686d85\"  aria-label=\"Toggle\" \/><nav><ul class='ez-toc-list ez-toc-list-level-1 ' ><li class='ez-toc-page-1 ez-toc-heading-level-1'><a class=\"ez-toc-link ez-toc-heading-1\" href=\"https:\/\/360eco.pl\/index.php\/oferta\/wnioski-opracowania-karty\/raporty\/#Raport_o_oddzialywaniu_przedsiewziecia_na_srodowisko\" title=\"Raport o oddzia\u0142ywaniu przedsi\u0119wzi\u0119cia na \u015brodowisko\">Raport o oddzia\u0142ywaniu przedsi\u0119wzi\u0119cia na \u015brodowisko<\/a><ul class='ez-toc-list-level-2' ><li class='ez-toc-heading-level-2'><a class=\"ez-toc-link ez-toc-heading-2\" href=\"https:\/\/360eco.pl\/index.php\/oferta\/wnioski-opracowania-karty\/raporty\/#Podstawa_prawna\" title=\"Podstawa prawna\">Podstawa prawna<\/a><\/li><li class='ez-toc-page-1 ez-toc-heading-level-2'><a class=\"ez-toc-link ez-toc-heading-3\" href=\"https:\/\/360eco.pl\/index.php\/oferta\/wnioski-opracowania-karty\/raporty\/#Kogo_dotyczy\" title=\"Kogo dotyczy\">Kogo dotyczy<\/a><\/li><li class='ez-toc-page-1 ez-toc-heading-level-2'><a class=\"ez-toc-link ez-toc-heading-4\" href=\"https:\/\/360eco.pl\/index.php\/oferta\/wnioski-opracowania-karty\/raporty\/#Zawiera_dane\" title=\"Zawiera dane\">Zawiera dane<\/a><\/li><\/ul><\/li><li class='ez-toc-page-1 ez-toc-heading-level-1'><a class=\"ez-toc-link ez-toc-heading-5\" href=\"https:\/\/360eco.pl\/index.php\/oferta\/wnioski-opracowania-karty\/raporty\/#Ocena_oddzialywania_przedsiewziecia_na_obszar_Natura_2000\" title=\"Ocena oddzia\u0142ywania przedsi\u0119wzi\u0119cia na obszar Natura 2000\">Ocena oddzia\u0142ywania przedsi\u0119wzi\u0119cia na obszar Natura 2000<\/a><ul class='ez-toc-list-level-2' ><li class='ez-toc-heading-level-2'><a class=\"ez-toc-link ez-toc-heading-6\" href=\"https:\/\/360eco.pl\/index.php\/oferta\/wnioski-opracowania-karty\/raporty\/#Podstawa_prawna-2\" title=\"Podstawa prawna\">Podstawa prawna<\/a><\/li><li class='ez-toc-page-1 ez-toc-heading-level-2'><a class=\"ez-toc-link ez-toc-heading-7\" href=\"https:\/\/360eco.pl\/index.php\/oferta\/wnioski-opracowania-karty\/raporty\/#Kogo_dotyczy-2\" title=\"Kogo dotyczy\">Kogo dotyczy<\/a><\/li><li class='ez-toc-page-1 ez-toc-heading-level-2'><a class=\"ez-toc-link ez-toc-heading-8\" href=\"https:\/\/360eco.pl\/index.php\/oferta\/wnioski-opracowania-karty\/raporty\/#Zawiera_dane-2\" title=\"Zawiera dane\">Zawiera dane<\/a><\/li><\/ul><\/li><\/ul><\/nav><\/div>\n<h1 id=\"h.p_TuwQ0wz4Kf0n\" class=\"zfr3Q\" style=\"text-align: justify;\"><span class=\"ez-toc-section\" id=\"Raport_o_oddzialywaniu_przedsiewziecia_na_srodowisko\"><\/span><strong>Raport o oddzia\u0142ywaniu przedsi\u0119wzi\u0119cia na \u015brodowisko<\/strong><span class=\"ez-toc-section-end\"><\/span><\/h1>\n<h2 id=\"h.p_4YsxnQpFKgpH\" class=\"zfr3Q\" style=\"text-align: justify;\"><span class=\"ez-toc-section\" id=\"Podstawa_prawna\"><\/span><strong>Podstawa prawna<\/strong><span class=\"ez-toc-section-end\"><\/span><\/h2>\n<p id=\"h.p_Fk5bQnfrKgpI\" class=\"zfr3Q\" style=\"text-align: justify;\">Art. 66 ustawy z dnia 3 pa\u017adziernika 2008 r.\u00a0<em>o udost\u0119pnianiu informacji o \u015brodowisku i jego ochronie, udziale spo\u0142ecze\u0144stwa w ochronie \u015brodowiska oraz o ocenach oddzia\u0142ywania na \u015brodowisko<\/em>.<\/p>\n<h2 id=\"h.p_WKntvTFLKgpI\" class=\"zfr3Q\" style=\"text-align: justify;\"><span class=\"ez-toc-section\" id=\"Kogo_dotyczy\"><\/span><strong>Kogo dotyczy<\/strong><span class=\"ez-toc-section-end\"><\/span><\/h2>\n<p id=\"h.p_cy76VkueKgpJ\" class=\"zfr3Q\" style=\"text-align: justify;\">Raport o oddzia\u0142ywaniu przedsi\u0119wzi\u0119cia na \u015brodowisko jest elementem post\u0119powania w sprawie oceny oddzia\u0142ywania na \u015brodowisko, kt\u00f3ra mo\u017ce by\u0107 cz\u0119\u015bci\u0105 post\u0119powania w sprawie wydania decyzji o \u015brodowiskowych uwarunkowaniach.<\/p>\n<p id=\"h.p_M4ENovMfKgpJ\" class=\"zfr3Q\" style=\"text-align: justify;\">Ocena oddzia\u0142ywania przedsi\u0119wzi\u0119cia na \u015brodowisko &#8211; to post\u0119powanie, kt\u00f3re obejmuje przede wszystkim weryfikacj\u0119 raportu o oddzia\u0142ywaniu przedsi\u0119wzi\u0119cia na \u015brodowisko, uzyskanie wymaganych ustaw\u0105 opinii i uzgodnie\u0144, zapewnienie mo\u017cliwo\u015bci udzia\u0142u spo\u0142ecze\u0144stwa w post\u0119powaniu, a tak\u017ce zmierzaj\u0105ce do wydania decyzji o \u015brodowiskowych uwarunkowaniach.<\/p>\n<p id=\"h.p_1BO1FZSzKgpK\" class=\"zfr3Q\" style=\"text-align: justify;\">Przeprowadzenia oceny oddzia\u0142ywania przedsi\u0119wzi\u0119cia na \u015brodowisko wymaga realizacja nast\u0119puj\u0105cych planowanych przedsi\u0119wzi\u0119\u0107 mog\u0105cych znacz\u0105co oddzia\u0142ywa\u0107 na \u015brodowisko:<\/p>\n<ol class=\"n8H08c BKnRcf\" style=\"text-align: justify;\">\n<li id=\"h.p_RsQz8kieKgpK\" class=\"zfr3Q TYR86d\">planowanego przedsi\u0119wzi\u0119cia mog\u0105cego zawsze znacz\u0105co oddzia\u0142ywa\u0107 na \u015brodowisko (patrz rozporz\u0105dzenie Rady Ministr\u00f3w z dnia 9 listopada 2010 r.\u00a0<em>w sprawie przedsi\u0119wzi\u0119\u0107 mog\u0105cych znacz\u0105co oddzia\u0142ywa\u0107 na \u015brodowisko<\/em>),<\/li>\n<li id=\"h.p_3caa70g4KgpL\" class=\"zfr3Q TYR86d\">planowanego przedsi\u0119wzi\u0119cia mog\u0105cego potencjalnie znacz\u0105co oddzia\u0142ywa\u0107 na \u015brodowisko, je\u017celi obowi\u0105zek przeprowadzenia oceny oddzia\u0142ywania przedsi\u0119wzi\u0119cia na \u015brodowisko zosta\u0142 stwierdzony w drodze postanowienia, przez organ w\u0142a\u015bciwy do wydania decyzji o \u015brodowiskowych uwarunkowaniach (patrz rozporz\u0105dzenie Rady Ministr\u00f3w z dnia 9 listopada 2010 r.\u00a0<em>w sprawie przedsi\u0119wzi\u0119\u0107 mog\u0105cych znacz\u0105co oddzia\u0142ywa\u0107 na \u015brodowisko<\/em>).<\/li>\n<\/ol>\n<h2 id=\"h.p_7nwIgDGnKgpL\" class=\"zfr3Q\" style=\"text-align: justify;\"><span class=\"ez-toc-section\" id=\"Zawiera_dane\"><\/span><strong>Zawiera dane<\/strong><span class=\"ez-toc-section-end\"><\/span><\/h2>\n<p id=\"h.p_6cUhH9AjKgpL\" class=\"zfr3Q\" style=\"text-align: justify;\">Zakres raportu o oddzia\u0142ywaniu przedsi\u0119wzi\u0119cia na \u015brodowisko okre\u015bla art. 66 ustawy z dnia 3 pa\u017adziernika 2008 r.\u00a0<em>o udost\u0119pnianiu informacji o \u015brodowisku i jego ochronie, udziale spo\u0142ecze\u0144stwa w ochronie \u015brodowiska oraz o ocenach oddzia\u0142ywania na \u015brodowisko<\/em>.<\/p>\n<p id=\"h.p_UYOM4R6cKgpM\" class=\"zfr3Q\" style=\"text-align: justify;\">Zakres raportu o oddzia\u0142ywaniu przedsi\u0119wzi\u0119cia na \u015brodowisko w przypadku przeprowadzenia ponownej oceny oddzia\u0142ywania przedsi\u0119wzi\u0119cia na \u015brodowisko okre\u015bla art. 67 ustawy z dnia 3 pa\u017adziernika 2008 r.\u00a0<em>o udost\u0119pnianiu informacji o \u015brodowisku i jego ochronie, udziale spo\u0142ecze\u0144stwa w ochronie \u015brodowiska oraz o ocenach oddzia\u0142ywania na \u015brodowisko.<\/em><\/p>\n<h1 class=\"zfr3Q\" style=\"text-align: justify;\"><span class=\"ez-toc-section\" id=\"Ocena_oddzialywania_przedsiewziecia_na_obszar_Natura_2000\"><\/span>Ocena oddzia\u0142ywania przedsi\u0119wzi\u0119cia na obszar Natura 2000<span class=\"ez-toc-section-end\"><\/span><\/h1>\n<h2 id=\"h.p_4YsxnQpFKgpH\" class=\"zfr3Q\" style=\"text-align: justify;\"><span class=\"ez-toc-section\" id=\"Podstawa_prawna-2\"><\/span><strong>Podstawa prawna<\/strong><span class=\"ez-toc-section-end\"><\/span><\/h2>\n<h2 id=\"h.p_WKntvTFLKgpI\" class=\"zfr3Q\" style=\"text-align: justify;\"><span class=\"ez-toc-section\" id=\"Kogo_dotyczy-2\"><\/span><strong>Kogo dotyczy<\/strong><span class=\"ez-toc-section-end\"><\/span><\/h2>\n<h2 id=\"h.p_7nwIgDGnKgpL\" class=\"zfr3Q\" style=\"text-align: justify;\"><span class=\"ez-toc-section\" id=\"Zawiera_dane-2\"><\/span><strong>Zawiera dane<\/strong><span class=\"ez-toc-section-end\"><\/span><\/h2>\n","protected":false},"excerpt":{"rendered":"<p>Raport o oddzia\u0142ywaniu przedsi\u0119wzi\u0119cia na \u015brodowisko Podstawa prawna Art. 66 ustawy z dnia 3 pa\u017adziernika 2008 r.\u00a0o udost\u0119pnianiu informacji o \u015brodowisku i jego ochronie, udziale spo\u0142ecze\u0144stwa w ochronie \u015brodowiska oraz o ocenach oddzia\u0142ywania na \u015brodowisko. Kogo dotyczy Raport o oddzia\u0142ywaniu przedsi\u0119wzi\u0119cia na \u015brodowisko jest elementem post\u0119powania w sprawie oceny oddzia\u0142ywania &hellip;<\/p>\n","protected":false},"author":1,"featured_media":0,"parent":136,"menu_order":0,"comment_status":"closed","ping_status":"closed","template":"","meta":{"footnotes":""},"class_list":["post-160","page","type-page","status-publish","hentry"],"_links":{"self":[{"href":"https:\/\/360eco.pl\/index.php\/wp-json\/wp\/v2\/pages\/160","targetHints":{"allow":["GET"]}}],"collection":[{"href":"https:\/\/360eco.pl\/index.php\/wp-json\/wp\/v2\/pages"}],"about":[{"href":"https:\/\/360eco.pl\/index.php\/wp-json\/wp\/v2\/types\/page"}],"author":[{"embeddable":true,"href":"https:\/\/360eco.pl\/index.php\/wp-json\/wp\/v2\/users\/1"}],"replies":[{"embeddable":true,"href":"https:\/\/360eco.pl\/index.php\/wp-json\/wp\/v2\/comments?post=160"}],"version-history":[{"count":6,"href":"https:\/\/360eco.pl\/index.php\/wp-json\/wp\/v2\/pages\/160\/revisions"}],"predecessor-version":[{"id":424,"href":"https:\/\/360eco.pl\/index.php\/wp-json\/wp\/v2\/pages\/160\/revisions\/424"}],"up":[{"embeddable":true,"href":"https:\/\/360eco.pl\/index.php\/wp-json\/wp\/v2\/pages\/136"}],"wp:attachment":[{"href":"https:\/\/360eco.pl\/index.php\/wp-json\/wp\/v2\/media?parent=160"}],"curies":[{"name":"wp","href":"https:\/\/api.w.org\/{rel}","templated":true}]}}