{"id":157,"date":"2018-07-14T17:13:48","date_gmt":"2018-07-14T15:13:48","guid":{"rendered":"http:\/\/10.4.0.3:4000\/?page_id=157"},"modified":"2018-07-20T00:05:43","modified_gmt":"2018-07-19T22:05:43","slug":"pozwolenia-zintegrowane","status":"publish","type":"page","link":"https:\/\/360eco.pl\/index.php\/oferta\/wnioski-opracowania-karty\/pozwolenia-zintegrowane\/","title":{"rendered":"Pozwolenia zintegrowane"},"content":{"rendered":"<div id=\"ez-toc-container\" class=\"ez-toc-v2_0_73 counter-hierarchy ez-toc-counter ez-toc-grey ez-toc-container-direction\">\n<p class=\"ez-toc-title\" style=\"cursor:inherit\">Spis tre\u015bci<\/p>\n<label for=\"ez-toc-cssicon-toggle-item-69e8cdb969d7c\" class=\"ez-toc-cssicon-toggle-label\"><span class=\"\"><span class=\"eztoc-hide\" style=\"display:none;\">Toggle<\/span><span class=\"ez-toc-icon-toggle-span\"><svg style=\"fill: #999;color:#999\" xmlns=\"http:\/\/www.w3.org\/2000\/svg\" class=\"list-377408\" width=\"20px\" height=\"20px\" viewBox=\"0 0 24 24\" fill=\"none\"><path d=\"M6 6H4v2h2V6zm14 0H8v2h12V6zM4 11h2v2H4v-2zm16 0H8v2h12v-2zM4 16h2v2H4v-2zm16 0H8v2h12v-2z\" fill=\"currentColor\"><\/path><\/svg><svg style=\"fill: #999;color:#999\" class=\"arrow-unsorted-368013\" xmlns=\"http:\/\/www.w3.org\/2000\/svg\" width=\"10px\" height=\"10px\" viewBox=\"0 0 24 24\" version=\"1.2\" baseProfile=\"tiny\"><path d=\"M18.2 9.3l-6.2-6.3-6.2 6.3c-.2.2-.3.4-.3.7s.1.5.3.7c.2.2.4.3.7.3h11c.3 0 .5-.1.7-.3.2-.2.3-.5.3-.7s-.1-.5-.3-.7zM5.8 14.7l6.2 6.3 6.2-6.3c.2-.2.3-.5.3-.7s-.1-.5-.3-.7c-.2-.2-.4-.3-.7-.3h-11c-.3 0-.5.1-.7.3-.2.2-.3.5-.3.7s.1.5.3.7z\"\/><\/svg><\/span><\/span><\/label><input type=\"checkbox\"  id=\"ez-toc-cssicon-toggle-item-69e8cdb969d7c\"  aria-label=\"Toggle\" \/><nav><ul class='ez-toc-list ez-toc-list-level-1 ' ><li class='ez-toc-page-1 ez-toc-heading-level-1'><a class=\"ez-toc-link ez-toc-heading-1\" href=\"https:\/\/360eco.pl\/index.php\/oferta\/wnioski-opracowania-karty\/pozwolenia-zintegrowane\/#Wniosek_o_wydanie_pozwolenia_zintegrowanego\" title=\"Wniosek o wydanie pozwolenia zintegrowanego\">Wniosek o wydanie pozwolenia zintegrowanego<\/a><ul class='ez-toc-list-level-2' ><li class='ez-toc-heading-level-2'><a class=\"ez-toc-link ez-toc-heading-2\" href=\"https:\/\/360eco.pl\/index.php\/oferta\/wnioski-opracowania-karty\/pozwolenia-zintegrowane\/#Podstawa_prawna\" title=\"Podstawa prawna\">Podstawa prawna<\/a><\/li><li class='ez-toc-page-1 ez-toc-heading-level-2'><a class=\"ez-toc-link ez-toc-heading-3\" href=\"https:\/\/360eco.pl\/index.php\/oferta\/wnioski-opracowania-karty\/pozwolenia-zintegrowane\/#Zawiera_dane\" title=\"Zawiera dane\">Zawiera dane<\/a><\/li><\/ul><\/li><li class='ez-toc-page-1 ez-toc-heading-level-1'><a class=\"ez-toc-link ez-toc-heading-4\" href=\"https:\/\/360eco.pl\/index.php\/oferta\/wnioski-opracowania-karty\/pozwolenia-zintegrowane\/#Wniosek_o_zmiane_pozwolenia_zintegrowanego\" title=\"Wniosek o zmian\u0119 pozwolenia zintegrowanego\">Wniosek o zmian\u0119 pozwolenia zintegrowanego<\/a><ul class='ez-toc-list-level-2' ><li class='ez-toc-heading-level-2'><a class=\"ez-toc-link ez-toc-heading-5\" href=\"https:\/\/360eco.pl\/index.php\/oferta\/wnioski-opracowania-karty\/pozwolenia-zintegrowane\/#Podstawa_prawna-2\" title=\"Podstawa prawna\">Podstawa prawna<\/a><\/li><li class='ez-toc-page-1 ez-toc-heading-level-2'><a class=\"ez-toc-link ez-toc-heading-6\" href=\"https:\/\/360eco.pl\/index.php\/oferta\/wnioski-opracowania-karty\/pozwolenia-zintegrowane\/#Kogo_dotyczy\" title=\"Kogo dotyczy\">Kogo dotyczy<\/a><\/li><li class='ez-toc-page-1 ez-toc-heading-level-2'><a class=\"ez-toc-link ez-toc-heading-7\" href=\"https:\/\/360eco.pl\/index.php\/oferta\/wnioski-opracowania-karty\/pozwolenia-zintegrowane\/#Zawiera_dane-2\" title=\"Zawiera dane\">Zawiera dane<\/a><\/li><\/ul><\/li><li class='ez-toc-page-1 ez-toc-heading-level-1'><a class=\"ez-toc-link ez-toc-heading-8\" href=\"https:\/\/360eco.pl\/index.php\/oferta\/wnioski-opracowania-karty\/pozwolenia-zintegrowane\/#Analiza_warunkow_pozwolenia_zintegrowanego_Zmiana_pozwolenia_zintegrowanego\" title=\"Analiza warunk\u00f3w pozwolenia zintegrowanego. Zmiana pozwolenia zintegrowanego\">Analiza warunk\u00f3w pozwolenia zintegrowanego. Zmiana pozwolenia zintegrowanego<\/a><ul class='ez-toc-list-level-2' ><li class='ez-toc-heading-level-2'><a class=\"ez-toc-link ez-toc-heading-9\" href=\"https:\/\/360eco.pl\/index.php\/oferta\/wnioski-opracowania-karty\/pozwolenia-zintegrowane\/#Podstawa_prawna-3\" title=\"Podstawa prawna\">Podstawa prawna<\/a><\/li><li class='ez-toc-page-1 ez-toc-heading-level-2'><a class=\"ez-toc-link ez-toc-heading-10\" href=\"https:\/\/360eco.pl\/index.php\/oferta\/wnioski-opracowania-karty\/pozwolenia-zintegrowane\/#Kogo_dotyczy-2\" title=\"Kogo dotyczy\">Kogo dotyczy<\/a><\/li><li class='ez-toc-page-1 ez-toc-heading-level-2'><a class=\"ez-toc-link ez-toc-heading-11\" href=\"https:\/\/360eco.pl\/index.php\/oferta\/wnioski-opracowania-karty\/pozwolenia-zintegrowane\/#Zawiera_dane-3\" title=\"Zawiera dane\">Zawiera dane<\/a><\/li><\/ul><\/li><\/ul><\/nav><\/div>\n<h1 id=\"h.p_qHRMbUFScZqS\" class=\"zfr3Q\" style=\"text-align: justify;\"><span class=\"ez-toc-section\" id=\"Wniosek_o_wydanie_pozwolenia_zintegrowanego\"><\/span><strong>Wniosek o wydanie pozwolenia zintegrowanego<\/strong><span class=\"ez-toc-section-end\"><\/span><\/h1>\n<h2 id=\"h.p_KEcAAAiBcaSk\" class=\"zfr3Q\" style=\"text-align: justify;\"><span class=\"ez-toc-section\" id=\"Podstawa_prawna\"><\/span><strong>Podstawa prawna<\/strong><span class=\"ez-toc-section-end\"><\/span><\/h2>\n<p id=\"h.p_tlqDba47caSm\" class=\"zfr3Q\" style=\"text-align: justify;\">Zgodnie z art. 201 ust. 1 ustawy z dnia 27 kwietnia 2001 r.\u00a0<em>Prawo ochrony \u015brodowiska<\/em>, pozwolenia zintegrowanego wymaga prowadzenie instalacji, kt\u00f3rej funkcjonowanie, ze wzgl\u0119du na rodzaj i skal\u0119 prowadzonej w niej dzia\u0142alno\u015bci, mo\u017ce powodowa\u0107 znaczne zanieczyszczenie poszczeg\u00f3lnych element\u00f3w przyrodniczych albo \u015brodowiska jako ca\u0142o\u015bci, z wy\u0142\u0105czeniem instalacji lub ich cz\u0119\u015bci stosowanych wy\u0142\u0105cznie do badania, rozwoju lub testowania nowych produkt\u00f3w lub proces\u00f3w technologicznych.<\/p>\n<h3 id=\"h.p_wbbq1mnHcaSm\" class=\"zfr3Q\" style=\"text-align: justify;\"><strong>Kogo dotyczy<\/strong><\/h3>\n<p id=\"h.p_Cy5ULbbYcaSn\" class=\"zfr3Q\" style=\"text-align: justify;\">Jakie instalacje s\u0105 obj\u0119te obowi\u0105zkiem posiadania pozwolenia zintegrowanego reguluje rozporz\u0105dzenie Ministra \u015arodowiska z dnia 27 sierpnia 2014 r.\u00a0<em>w sprawie rodzaj\u00f3w instalacji mog\u0105cych powodowa\u0107 znaczne zanieczyszczenie poszczeg\u00f3lnych element\u00f3w przyrodniczych albo \u015brodowiska jako ca\u0142o\u015bci<\/em>.<\/p>\n<h2 id=\"h.p_pSXZhu0tcaSo\" class=\"zfr3Q\" style=\"text-align: justify;\"><span class=\"ez-toc-section\" id=\"Zawiera_dane\"><\/span><strong>Zawiera dane<\/strong><span class=\"ez-toc-section-end\"><\/span><\/h2>\n<p id=\"h.p_9I26lpXucaSp\" class=\"zfr3Q\" style=\"text-align: justify;\">Pozwolenie zintegrowane obejmuje swym zakresem ca\u0142o\u015b\u0107 oddzia\u0142ywa\u0144 na \u015brodowisko i zast\u0119puje pozwolenia sektorowe, czyli:<\/p>\n<ul class=\"n8H08c UVNKR\" style=\"text-align: justify;\">\n<li id=\"h.p_iu9chVVkcaSr\" class=\"zfr3Q TYR86d\">pozwolenie na wprowadzenie gaz\u00f3w lub py\u0142\u00f3w do powietrza,<\/li>\n<li id=\"h.p_0by4x_LVcaSr\" class=\"zfr3Q TYR86d\">pozwolenie na wprowadzenie \u015bciek\u00f3w do w\u00f3d lub ziemi,<\/li>\n<li id=\"h.p_LuLv_xu7caSs\" class=\"zfr3Q TYR86d\">pozwolenie na wytwarzanie odpad\u00f3w,<\/li>\n<li id=\"h.p_XOHY53LmcaSu\" class=\"zfr3Q TYR86d\">pozwolenie wodnoprawne na pob\u00f3r w\u00f3d.<\/li>\n<\/ul>\n<p id=\"h.p_EBUky0pVcaSu\" class=\"zfr3Q\" style=\"text-align: justify;\">Zgodnie z art. 208 ust. 1 ustawy z dnia 27 kwietnia 2001 r.\u00a0<em>Prawo ochrony \u015brodowiska<\/em>, wniosek o wydanie pozwolenia zintegrowanego spe\u0142nia wymagania okre\u015blone dla wniosk\u00f3w o wydanie pozwole\u0144, o kt\u00f3rych mowa w art. 181 ust. 1 pkt 2-4 (na wprowadzanie gaz\u00f3w i py\u0142\u00f3w do powietrza, na wytwarzanie odpad\u00f3w) oraz, je\u017celi wody powierzchniowe lub podziemne s\u0105 pobierane wy\u0142\u0105cznie na potrzeby instalacji &#8211; wniosku o wydanie pozwolenia wodnoprawnego na pob\u00f3r w\u00f3d. Wniosek o wydanie pozwolenia zintegrowanego zawiera tak\u017ce inne dane okre\u015blone w art. 208 ust. 2 ww. ustawy.<\/p>\n<p id=\"h.p_6A9xb34JcaSy\" class=\"zfr3Q\" style=\"text-align: justify;\">Reasumuj\u0105c, podstawowe elementy wchodz\u0105ce w sk\u0142ad wniosku o wydanie pozwolenia zintegrowanego okre\u015bla art. 184 ust. 2 oraz art.<em>\u00a0<\/em>208 ustawy z dnia 27 kwietnia 2001 r.\u00a0<em>Prawo ochrony \u015brodowiska.<\/em><\/p>\n<h1 id=\"h.p_Oc1PTXwscsPC\" class=\"zfr3Q\" style=\"text-align: justify;\"><span class=\"ez-toc-section\" id=\"Wniosek_o_zmiane_pozwolenia_zintegrowanego\"><\/span><strong>Wniosek o zmian\u0119 pozwolenia zintegrowanego<\/strong><span class=\"ez-toc-section-end\"><\/span><\/h1>\n<h2 id=\"h.p_AOqwx0-mcs4a\" class=\"zfr3Q\" style=\"text-align: justify;\"><span class=\"ez-toc-section\" id=\"Podstawa_prawna-2\"><\/span><strong>Podstawa prawna<\/strong><span class=\"ez-toc-section-end\"><\/span><\/h2>\n<p id=\"h.p_RJxf0d1Ocs4b\" class=\"zfr3Q\" style=\"text-align: justify;\">Zgodnie z art. 214 ust. 1 ustawy z dnia 27 kwietnia 2001 r.\u00a0<em>Prawo ochrony \u015brodowiska<\/em>, przed dokonaniem zmiany w instalacji obj\u0119tej pozwoleniem zintegrowanym, polegaj\u0105cej na zmianie sposobu funkcjonowania instalacji lub jej rozbudowie, kt\u00f3ra mo\u017ce mie\u0107 wp\u0142yw na \u015brodowisko, prowadz\u0105cy instalacj\u0119 jest obowi\u0105zany poinformowa\u0107 o planowanych zmianach organ w\u0142a\u015bciwy do wydania pozwolenia lub z\u0142o\u017cy\u0107 wniosek o zmian\u0119 pozwolenia zintegrowanego.<\/p>\n<h2 id=\"h.p_yW2r0NQQcs4c\" class=\"zfr3Q\" style=\"text-align: justify;\"><span class=\"ez-toc-section\" id=\"Kogo_dotyczy\"><\/span><strong>Kogo dotyczy<\/strong><span class=\"ez-toc-section-end\"><\/span><\/h2>\n<p id=\"h.p_VLpxGrcKcs4c\" class=\"zfr3Q\" style=\"text-align: justify;\">Je\u015bli jeste\u015b prowadz\u0105cym instalacj\u0119 obj\u0119tej pozwoleniem zintegrowanym, planujesz zmiany w sposobie jej funkcjonowania lub planujesz jej rozbudow\u0119, kt\u00f3ra mo\u017ce mie\u0107 wp\u0142yw na \u015brodowisko, jeste\u015b zobowi\u0105zany poinformowa\u0107 o planowanych zmianach organ ochrony \u015brodowiska, w\u0142a\u015bciwy do wydania pozwolenia lub z\u0142o\u017cy\u0107 wniosek o zmian\u0119 pozwolenia zintegrowanego.<\/p>\n<p id=\"h.p_0j1pVowXcs4c\" class=\"zfr3Q\" style=\"text-align: justify;\">Wniosek o zmian\u0119 pozwolenia zintegrowanego jest przede wszystkim konieczny, gdy planowana zmiana w instalacji ma charakter istotny, czyli zwi\u0119kszana skal\u0119 dzia\u0142alno\u015bci wynikaj\u0105c\u0105 z tej zmiany, sama w sobie, kwalifikowa\u0142aby j\u0105 jako rodzaj instalacji mog\u0105cej powodowa\u0107 znaczne zanieczyszczenie poszczeg\u00f3lnych element\u00f3w przyrodniczych albo \u015brodowiska jako ca\u0142o\u015bci (patrz rozporz\u0105dzenie Ministra \u015arodowiska z dnia 27 sierpnia 2014 r.\u00a0<em>w sprawie rodzaj\u00f3w instalacji mog\u0105cych powodowa\u0107 znaczne zanieczyszczenie poszczeg\u00f3lnych element\u00f3w przyrodniczych albo \u015brodowiska jako ca\u0142o\u015bci<\/em>).<\/p>\n<h2 id=\"h.p_k2dA3iwmcs4c\" class=\"zfr3Q\" style=\"text-align: justify;\"><span class=\"ez-toc-section\" id=\"Zawiera_dane-2\"><\/span><strong>Zawiera dane<\/strong><span class=\"ez-toc-section-end\"><\/span><\/h2>\n<p id=\"h.p_aULC_DUycs4d\" class=\"zfr3Q\" style=\"text-align: justify;\">Zgodnie z art. 214 ust. 3 ustawy Prawo ochrony \u015brodowiska, wniosek o zmian\u0119 pozwolenia zintegrowanego powinien zawiera\u0107 dane, o kt\u00f3rych mowa w art. 184 oraz 208 maj\u0105ce zwi\u0105zek z planowanymi zmianami.<\/p>\n<h1 id=\"h.p_Hsk4sMf4dDSH\" class=\"zfr3Q\" style=\"text-align: justify;\"><span class=\"ez-toc-section\" id=\"Analiza_warunkow_pozwolenia_zintegrowanego_Zmiana_pozwolenia_zintegrowanego\"><\/span><strong>Analiza warunk\u00f3w pozwolenia zintegrowanego. Zmiana pozwolenia zintegrowanego<\/strong><span class=\"ez-toc-section-end\"><\/span><\/h1>\n<h2 id=\"h.p_sA5ZX_uldETc\" class=\"zfr3Q\" style=\"text-align: justify;\"><span class=\"ez-toc-section\" id=\"Podstawa_prawna-3\"><\/span><strong>Podstawa prawna<\/strong><span class=\"ez-toc-section-end\"><\/span><\/h2>\n<p id=\"h.p_pbdeMkOZdETe\" class=\"zfr3Q\" style=\"text-align: justify;\">Zgodnie z art. 215 ust. 1 ustawy z dnia 27 kwietnia 2001 r.\u00a0<em>Prawo ochrony \u015brodowiska<\/em>, organ w\u0142a\u015bciwy do wydania pozwolenia dokonuje analizy warunk\u00f3w pozwolenia zintegrowanego niezw\u0142ocznie po publikacji w Dzienniku Urz\u0119dowym Unii Europejskiej konkluzji BAT odnosz\u0105cych si\u0119 do g\u0142\u00f3wnej dzia\u0142alno\u015bci danej instalacji, lecz nie p\u00f3\u017aniej ni\u017c w terminie 6 miesi\u0119cy od dnia publikacji.<\/p>\n<p id=\"h.p_pU7b-yfMdETe\" class=\"zfr3Q\" style=\"text-align: justify;\">Konkluzje BAT &#8211; to dokument sporz\u0105dzony na podstawie dokumentu referencyjnego BAT, przyjmowany przez Komisj\u0119 Europejsk\u0105, w drodze decyzji, zgodnie z przepisami dotycz\u0105cymi emisji przemys\u0142owych, formu\u0142uj\u0105cy wnioski dotycz\u0105ce najlepszych dost\u0119pnych technik, ich opisu, informacji s\u0142u\u017c\u0105cej ocenie ich przydatno\u015bci, wielko\u015bci emisji powi\u0105zanych z najlepszymi dost\u0119pnymi technikami, powi\u0105zanego monitoringu, powi\u0105zanych poziom\u00f3w zu\u017cycia oraz, w stosownych przypadkach, odpowiednich sposob\u00f3w przeprowadzenia remediacji.<\/p>\n<p id=\"h.p_iESGo5SDdETf\" class=\"zfr3Q\" style=\"text-align: justify;\">Organ w\u0142a\u015bciwy do wydania pozwolenia zintegrowanego informuje prowadz\u0105cego instalacj\u0119 o rozpocz\u0119ciu analizy, a w trakcie jej przeprowadzania bierze m.in pod uwag\u0119 wszystkie konkluzje BAT, kt\u00f3re dla danego rodzaju instalacji zosta\u0142y opublikowane w Dzienniku Urz\u0119dowym Unii Europejskiej od czasu wydania pozwolenia lub ostatniej analizy wydanego pozwolenia.<\/p>\n<p id=\"h.p_iNm7KJJ5dETg\" class=\"zfr3Q\" style=\"text-align: justify;\">Nast\u0119pnie organ w\u0142a\u015bciwy do wydania pozwolenia przedk\u0142ada niezw\u0142ocznie wyniki analizy m.in. prowadz\u0105cemu instalacj\u0119. W przypadku gdy analiza wykaza\u0142a konieczno\u015b\u0107 zmiany pozwolenia zintegrowanego, organ w\u0142a\u015bciwy do wydania pozwolenia niezw\u0142ocznie:<\/p>\n<p id=\"h.p_T6jt7AFjdETg\" class=\"zfr3Q\" style=\"text-align: justify;\">1) przekazuje prowadz\u0105cemu instalacj\u0119 informacj\u0119 o konieczno\u015bci dostosowania instalacji, w terminie nie d\u0142u\u017cszym ni\u017c 4 lata od dnia publikacji w Dzienniku Urz\u0119dowym Unii Europejskiej konkluzji BAT, do wymaga\u0144 okre\u015blonych w konkluzjach BAT;<\/p>\n<p id=\"h.p_4mlBepi9dETh\" class=\"zfr3Q\" style=\"text-align: justify;\">2)\u00a0<strong>wzywa prowadz\u0105cego instalacj\u0119 do wyst\u0105pienia z wnioskiem o zmian\u0119 pozwolenia w terminie roku od dnia dor\u0119czenia wezwania, okre\u015blaj\u0105c zakres tego wniosku maj\u0105cy zwi\u0105zek ze zmianami wynikaj\u0105cymi z dokonanej analizy<\/strong>.<\/p>\n<h2 id=\"h.p_fBFas_8AdETh\" class=\"zfr3Q\" style=\"text-align: justify;\"><span class=\"ez-toc-section\" id=\"Kogo_dotyczy-2\"><\/span><strong>Kogo dotyczy<\/strong><span class=\"ez-toc-section-end\"><\/span><\/h2>\n<p id=\"h.p_uEHXhulzdETi\" class=\"zfr3Q\" style=\"text-align: justify;\">Dotyczy prowadz\u0105cych instalacje obj\u0119te obowi\u0105zkiem posiadania pozwolenia zintegrowanego, dla kt\u00f3rych zosta\u0142y opublikowane w Dzienniku Urz\u0119dowym Unii Europejskiej konkluzje BAT, to jest:<\/p>\n<p id=\"h.p_iVU488CndETj\" class=\"zfr3Q\" style=\"text-align: justify;\">\u00b7 Wielkotona\u017cowa produkcja organicznych substancji chemicznych (LVOC)<\/p>\n<p id=\"h.p_btrfZgQOdETk\" class=\"zfr3Q\" style=\"text-align: justify;\">\u00b7 Du\u017ce obiekty energetycznego spalania (LCP)<\/p>\n<p id=\"h.p_7_UlOJT4dETl\" class=\"zfr3Q\" style=\"text-align: justify;\">\u00b7 Intensywny ch\u00f3w drobiu lub \u015bwi\u0144 (IRPP)<\/p>\n<p id=\"h.p_0H7S6NsIdETm\" class=\"zfr3Q\" style=\"text-align: justify;\">\u00b7 Przemys\u0142 metali nie\u017celaznych (NFM)<\/p>\n<p id=\"h.p_mopJZJbVdETn\" class=\"zfr3Q\" style=\"text-align: justify;\">\u00b7 Wsp\u00f3lne systemy oczyszczania \u015bciek\u00f3w\/gaz\u00f3w odlotowych i zarz\u0105dzanie nimi w sektorze chemicznym (CWW)<\/p>\n<p id=\"h.p_A5DnuZXfdETo\" class=\"zfr3Q\" style=\"text-align: justify;\">\u00b7 Przemys\u0142 produkcji p\u0142yt drewnopochodnych (WBP)<\/p>\n<p id=\"h.p_mX7Po__mdETp\" class=\"zfr3Q\" style=\"text-align: justify;\">\u00b7 Przemys\u0142 rafineryjny (REF)<\/p>\n<p id=\"h.p_oPHu55_pdETq\" class=\"zfr3Q\" style=\"text-align: justify;\">\u00b7 Przemys\u0142 papierniczy (PP)<\/p>\n<p id=\"h.p_SdG4Kz9idETq\" class=\"zfr3Q\" style=\"text-align: justify;\">\u00b7 Przemys\u0142 chloro-alkaliczny (CAK)<\/p>\n<p id=\"h.p_mJ1AJw05dETq\" class=\"zfr3Q\" style=\"text-align: justify;\">\u00b7 Przemys\u0142 cementowo-wapienniczy (CLM)<\/p>\n<p id=\"h.p_AuFs11KjdETr\" class=\"zfr3Q\" style=\"text-align: justify;\">\u00b7 Przemys\u0142 garbarski (TAN)<\/p>\n<p id=\"h.p_W-zLODv2dETs\" class=\"zfr3Q\" style=\"text-align: justify;\">\u00b7 Przemys\u0142 szklarski (GLS)<\/p>\n<p id=\"h.p_RvgneKJ8dETt\" class=\"zfr3Q\" style=\"text-align: justify;\">\u00b7 Przemys\u0142 hutniczy (IS)<\/p>\n<h2 id=\"h.p_VbOUeXh7dETt\" class=\"zfr3Q\" style=\"text-align: justify;\"><span class=\"ez-toc-section\" id=\"Zawiera_dane-3\"><\/span><strong>Zawiera dane<\/strong><span class=\"ez-toc-section-end\"><\/span><\/h2>\n<p id=\"h.p_PKJtQxkbdETu\" class=\"zfr3Q\" style=\"text-align: justify;\">W nawi\u0105zaniu do art. 215 ust. 4 pkt 2 ustawy z dnia 27 kwietnia 2001 r.\u00a0<em>Prawo ochrony \u015brodowiska<\/em>, organ w\u0142a\u015bciwy do wydania pozwolenia wzywa prowadz\u0105cego instalacj\u0119 do wyst\u0105pienia z wnioskiem o zmian\u0119 pozwolenia w terminie roku od dnia dor\u0119czenia wezwania, okre\u015blaj\u0105c zakres tego wniosku maj\u0105cy zwi\u0105zek ze zmianami wynikaj\u0105cymi z dokonanej analizy.<\/p>\n<p id=\"h.p_UH4aS4WIdETu\" class=\"zfr3Q\" style=\"text-align: justify;\">W nawi\u0105zaniu do art. 204 ust. 1 ustawy z dnia 27 kwietnia 2001 r.\u00a0<em>Prawo ochrony \u015brodowiska<\/em>, instalacje wymagaj\u0105ce pozwolenia zintegrowanego powinny spe\u0142nia\u0107 wymagania ochrony \u015brodowiska wynikaj\u0105ce z najlepszych dost\u0119pnych technik (BAT \u2013 best available techniques), a w szczeg\u00f3lno\u015bci nie mog\u0105 powodowa\u0107 przekroczenia granicznych wielko\u015bci emisyjnych. Zgodnie z art. 3 pkt 4a ww. ustawy, przez graniczne wielko\u015bci emisyjne rozumie si\u0119 najwy\u017csze z okre\u015blonych w konkluzjach BAT wielko\u015bci emisji powi\u0105zane z najlepszymi dost\u0119pnymi technikami, uzyskiwane w normalnych warunkach eksploatacji z wykorzystaniem najlepszej dost\u0119pnej techniki lub kombinacji najlepszych dost\u0119pnych technik. W szczeg\u00f3lnych przypadkach organ w\u0142a\u015bciwy mo\u017ce w pozwoleniu zintegrowanym zezwoli\u0107 na odst\u0119pstwo od granicznych wielko\u015bci emisyjnych, je\u017celi w jego ocenie ich osi\u0105gni\u0119cie prowadzi\u0142oby do nieproporcjonalnie wysokich koszt\u00f3w w stosunku do korzy\u015bci dla \u015brodowiska oraz pod warunkiem \u017ce nie zostan\u0105 przekroczone standardy emisyjne, o ile maj\u0105 one zastosowanie. Przy dokonywaniu tej oceny organ w\u0142a\u015bciwy bierze pod uwag\u0119 po\u0142o\u017cenie geograficzne, lokalne warunki \u015brodowiskowe, charakterystyk\u0119 techniczn\u0105 instalacji lub inne czynniki maj\u0105ce wp\u0142yw na funkcjonowanie instalacji i \u015brodowisko jako ca\u0142o\u015b\u0107.<\/p>\n<p id=\"h.p_jOohUGVfdETu\" class=\"zfr3Q\" style=\"text-align: justify;\">Przy okre\u015blaniu najlepszych dost\u0119pnych technik bierze si\u0119 pod uwag\u0119 wymagania, o kt\u00f3rych mowa w art. 143 ustawy z dnia 27 kwietnia 2001 r.\u00a0<em>Prawo ochrony \u015brodowiska<\/em>.<strong>\u00a0<\/strong>Przepis ten stanowi, i\u017c technologia stosowana przez inwestora w nowo uruchamianych lub zmienianych w spos\u00f3b istotny instalacjach i urz\u0105dzeniach powinna spe\u0142nia\u0107 wymagania, przy kt\u00f3rych okre\u015blaniu uwzgl\u0119dnia si\u0119 w szczeg\u00f3lno\u015bci:<\/p>\n<p id=\"h.p_2IZ5mlVBdETw\" class=\"zfr3Q\" style=\"text-align: justify;\">\u00b7 stosowanie substancji o ma\u0142ym potencjale zagro\u017ce\u0144;<\/p>\n<p id=\"h.p_tuzjKwo7dETy\" class=\"zfr3Q\" style=\"text-align: justify;\">\u00b7 efektywne wytwarzanie oraz wykorzystanie energii;<\/p>\n<p id=\"h.p_GvU3JmhRdETy\" class=\"zfr3Q\" style=\"text-align: justify;\">\u00b7 zapewnienie racjonalnego zu\u017cycia wody i innych surowc\u00f3w oraz materia\u0142\u00f3w i paliw;<\/p>\n<p id=\"h.p_gaGsQUG7dETz\" class=\"zfr3Q\" style=\"text-align: justify;\">\u00b7 stosowanie technologii bezodpadowych i ma\u0142oodpadowych oraz mo\u017cliwo\u015b\u0107 odzysku powstaj\u0105cych odpad\u00f3w;<\/p>\n<p id=\"h.p_YJgz2sCCdET2\" class=\"zfr3Q\" style=\"text-align: justify;\">\u00b7 rodzaj, zasi\u0119g oraz wielko\u015b\u0107 emisji;<\/p>\n<p id=\"h.p_YqKGYFALdET2\" class=\"zfr3Q\" style=\"text-align: justify;\">\u00b7 wykorzystywanie por\u00f3wnywalnych proces\u00f3w i metod, kt\u00f3re zosta\u0142y skutecznie zastosowane w skali przemys\u0142owej;<\/p>\n<p id=\"h.p_cpVSQr57dET4\" class=\"zfr3Q\" style=\"text-align: justify;\">\u00b7 post\u0119p naukowo-techniczny.<\/p>\n","protected":false},"excerpt":{"rendered":"<p>Wniosek o wydanie pozwolenia zintegrowanego Podstawa prawna Zgodnie z art. 201 ust. 1 ustawy z dnia 27 kwietnia 2001 r.\u00a0Prawo ochrony \u015brodowiska, pozwolenia zintegrowanego wymaga prowadzenie instalacji, kt\u00f3rej funkcjonowanie, ze wzgl\u0119du na rodzaj i skal\u0119 prowadzonej w niej dzia\u0142alno\u015bci, mo\u017ce powodowa\u0107 znaczne zanieczyszczenie poszczeg\u00f3lnych element\u00f3w przyrodniczych albo \u015brodowiska jako ca\u0142o\u015bci, &hellip;<\/p>\n","protected":false},"author":1,"featured_media":0,"parent":136,"menu_order":0,"comment_status":"closed","ping_status":"closed","template":"","meta":{"footnotes":""},"class_list":["post-157","page","type-page","status-publish","hentry"],"_links":{"self":[{"href":"https:\/\/360eco.pl\/index.php\/wp-json\/wp\/v2\/pages\/157","targetHints":{"allow":["GET"]}}],"collection":[{"href":"https:\/\/360eco.pl\/index.php\/wp-json\/wp\/v2\/pages"}],"about":[{"href":"https:\/\/360eco.pl\/index.php\/wp-json\/wp\/v2\/types\/page"}],"author":[{"embeddable":true,"href":"https:\/\/360eco.pl\/index.php\/wp-json\/wp\/v2\/users\/1"}],"replies":[{"embeddable":true,"href":"https:\/\/360eco.pl\/index.php\/wp-json\/wp\/v2\/comments?post=157"}],"version-history":[{"count":15,"href":"https:\/\/360eco.pl\/index.php\/wp-json\/wp\/v2\/pages\/157\/revisions"}],"predecessor-version":[{"id":422,"href":"https:\/\/360eco.pl\/index.php\/wp-json\/wp\/v2\/pages\/157\/revisions\/422"}],"up":[{"embeddable":true,"href":"https:\/\/360eco.pl\/index.php\/wp-json\/wp\/v2\/pages\/136"}],"wp:attachment":[{"href":"https:\/\/360eco.pl\/index.php\/wp-json\/wp\/v2\/media?parent=157"}],"curies":[{"name":"wp","href":"https:\/\/api.w.org\/{rel}","templated":true}]}}