{"id":155,"date":"2018-07-14T17:13:48","date_gmt":"2018-07-14T15:13:48","guid":{"rendered":"http:\/\/10.4.0.3:4000\/?page_id=155"},"modified":"2018-07-20T00:06:03","modified_gmt":"2018-07-19T22:06:03","slug":"pozwolenia-emisyjne","status":"publish","type":"page","link":"https:\/\/360eco.pl\/index.php\/oferta\/wnioski-opracowania-karty\/pozwolenia-emisyjne\/","title":{"rendered":"Pozwolenie na emisj\u0119 gaz\u00f3w lub py\u0142\u00f3w"},"content":{"rendered":"<p id=\"h.p_URc9bIL2cDUZ\" class=\"zfr3Q\" style=\"text-align: justify;\"><strong>Wniosek o wydanie pozwolenia na wprowadzanie gaz\u00f3w lub py\u0142\u00f3w do powietrza<\/strong><\/p>\n<p id=\"h.p_he00ja3icEvL\" class=\"zfr3Q\" style=\"text-align: justify;\"><strong>Podstawa prawna:<\/strong><\/p>\n<p id=\"h.p_eBQiLKykcEvM\" class=\"zfr3Q\" style=\"text-align: justify;\">Art. 220 ustawy z dnia 27 kwietnia 2001 r.\u00a0<em>Prawo ochrony \u015brodowiska<\/em><\/p>\n<p id=\"h.p_ofeLd3mhcEvM\" class=\"zfr3Q\" style=\"text-align: justify;\"><strong>Kogo dotyczy:<\/strong><\/p>\n<p id=\"h.p_nZ_uztyDcEvN\" class=\"zfr3Q\" style=\"text-align: justify;\">Zgodnie z art. 220 ust. 1 ustawy z dnia 27 kwietnia 2001 r.\u00a0<em>Prawo ochrony \u015brodowiska<\/em>\u00a0wprowadzanie do powietrza gaz\u00f3w lub py\u0142\u00f3w z instalacji wymaga pozwolenia, z zastrze\u017ceniem ust. 2, kt\u00f3ry m\u00f3wi, \u017ce minister w\u0142a\u015bciwy do spraw \u015brodowiska okre\u015bli, w drodze rozporz\u0105dzenia, przypadki, w kt\u00f3rych wprowadzanie gaz\u00f3w lub py\u0142\u00f3w do powietrza z instalacji nie wymaga pozwolenia, uwzgl\u0119dniaj\u0105c rodzaj i skal\u0119 dzia\u0142alno\u015bci prowadzonej w instalacjach oraz rodzaje i ilo\u015bci gaz\u00f3w lub py\u0142\u00f3w wprowadzanych z instalacji do powietrza.<\/p>\n<p id=\"h.p_bwxZXHCzcEvO\" class=\"zfr3Q\" style=\"text-align: justify;\">Kiedy wprowadzanie gaz\u00f3w lub py\u0142\u00f3w do powietrza nie wymaga pozwolenia reguluje rozporz\u0105dzenie Ministra \u015arodowiska z 2 lipca 2010 r. w sprawie przypadk\u00f3w, w kt\u00f3rych wprowadzanie gaz\u00f3w lub py\u0142\u00f3w do powietrza z instalacji nie wymaga pozwolenia.<\/p>\n<p id=\"h.p_qowR_tKGcEvO\" class=\"zfr3Q\" style=\"text-align: justify;\">Bior\u0105c powy\u017csze pod uwag\u0119, je\u015bli posiadasz instalacj\u0119, kt\u00f3ra emituje gazy lub py\u0142y, to wprowadzanie ich do powietrza zazwyczaj wymaga pozwolenia. Instalacje takie jak kurnik, chlewnia, kocio\u0142 grzewczy itd., z kt\u00f3rych gazy lub py\u0142y wprowadzane s\u0105 do powietrza poprzez komin lub za pomoc\u0105 wentylacji mechanicznej (to znaczy w spos\u00f3b zorganizowany), takie instalacje z regu\u0142y wymagaj\u0105 pozwolenia.<\/p>\n<p id=\"h.p_EQrL1DrNcEvP\" class=\"zfr3Q\" style=\"text-align: justify;\">Pozwolenia na wprowadzanie gaz\u00f3w lub py\u0142\u00f3w do powietrza wymagaj\u0105 tak\u017ce niekt\u00f3re instalacje, z kt\u00f3rych emisja odbywa si\u0119 w spos\u00f3b niezorganizowany, bez po\u015brednictwa przeznaczonych do tego celu \u015brodk\u00f3w technicznych lub za po\u015brednictwem wentylacji grawitacyjnej.<\/p>\n<p id=\"h.p_xcdYFK4YcEvQ\" class=\"zfr3Q\" style=\"text-align: justify;\">S\u0105 przypadki, kiedy wprowadzanie substancji z instalacji do powietrza nie wymaga pozwolenia natomiast zg\u0142oszenia, lub nie wymaga ani pozwolenia ani zg\u0142oszenia. Wi\u0119cej na temat instalacji wymagaj\u0105cych zg\u0142oszenia znajdziesz w zak\u0142adce Zg\u0142oszenie instalacji.<\/p>\n<p id=\"h.p_ZNY8i0O_cEvR\" class=\"zfr3Q\" style=\"text-align: justify;\"><strong>Zawiera dane o:<\/strong><\/p>\n<p id=\"h.p_NbUmaMDacEvR\" class=\"zfr3Q\" style=\"text-align: justify;\">Art. 184 ust. 2-4 oraz art. 221 ustawy z dnia 27 kwietnia 2001 r.\u00a0<em>Prawo ochrony \u015brodowiska<\/em>\u00a0okre\u015blaj\u0105 co powinien zawiera\u0107 wniosek o wydanie pozwolenia na wprowadzanie gaz\u00f3w lub py\u0142\u00f3w do powietrza.<\/p>\n","protected":false},"excerpt":{"rendered":"<p>Wniosek o wydanie pozwolenia na wprowadzanie gaz\u00f3w lub py\u0142\u00f3w do powietrza Podstawa prawna: Art. 220 ustawy z dnia 27 kwietnia 2001 r.\u00a0Prawo ochrony \u015brodowiska Kogo dotyczy: Zgodnie z art. 220 ust. 1 ustawy z dnia 27 kwietnia 2001 r.\u00a0Prawo ochrony \u015brodowiska\u00a0wprowadzanie do powietrza gaz\u00f3w lub py\u0142\u00f3w z instalacji wymaga pozwolenia, &hellip;<\/p>\n","protected":false},"author":1,"featured_media":0,"parent":136,"menu_order":0,"comment_status":"closed","ping_status":"closed","template":"","meta":{"footnotes":""},"class_list":["post-155","page","type-page","status-publish","hentry"],"_links":{"self":[{"href":"https:\/\/360eco.pl\/index.php\/wp-json\/wp\/v2\/pages\/155","targetHints":{"allow":["GET"]}}],"collection":[{"href":"https:\/\/360eco.pl\/index.php\/wp-json\/wp\/v2\/pages"}],"about":[{"href":"https:\/\/360eco.pl\/index.php\/wp-json\/wp\/v2\/types\/page"}],"author":[{"embeddable":true,"href":"https:\/\/360eco.pl\/index.php\/wp-json\/wp\/v2\/users\/1"}],"replies":[{"embeddable":true,"href":"https:\/\/360eco.pl\/index.php\/wp-json\/wp\/v2\/comments?post=155"}],"version-history":[{"count":9,"href":"https:\/\/360eco.pl\/index.php\/wp-json\/wp\/v2\/pages\/155\/revisions"}],"predecessor-version":[{"id":423,"href":"https:\/\/360eco.pl\/index.php\/wp-json\/wp\/v2\/pages\/155\/revisions\/423"}],"up":[{"embeddable":true,"href":"https:\/\/360eco.pl\/index.php\/wp-json\/wp\/v2\/pages\/136"}],"wp:attachment":[{"href":"https:\/\/360eco.pl\/index.php\/wp-json\/wp\/v2\/media?parent=155"}],"curies":[{"name":"wp","href":"https:\/\/api.w.org\/{rel}","templated":true}]}}