{"id":145,"date":"2018-07-14T16:50:19","date_gmt":"2018-07-14T14:50:19","guid":{"rendered":"http:\/\/10.4.0.3:4000\/?page_id=145"},"modified":"2018-07-20T00:08:25","modified_gmt":"2018-07-19T22:08:25","slug":"zgloszenie-instalacji-z-ktorej-emisja-nie-wymaga-pozwolenia","status":"publish","type":"page","link":"https:\/\/360eco.pl\/index.php\/oferta\/wnioski-opracowania-karty\/zgloszenie-instalacji-z-ktorej-emisja-nie-wymaga-pozwolenia\/","title":{"rendered":"Zg\u0142oszenie instalacji, z kt\u00f3rej emisja nie wymaga pozwolenia"},"content":{"rendered":"<p id=\"h.p_7DFNNzEPbZdb\" class=\"zfr3Q\" style=\"text-align: justify;\"><strong>Zg\u0142oszenie instalacji, z kt\u00f3rej emisja nie wymaga pozwolenia<\/strong><\/p>\n<p id=\"h.p_e13ivQFebajG\" class=\"zfr3Q\" style=\"text-align: justify;\"><strong>Podstawa prawna:<\/strong><\/p>\n<p id=\"h.p_ILNier2abajH\" class=\"zfr3Q\" style=\"text-align: justify;\">Zgodnie z art. 152 ust 1. ustawy z dnia 27 kwietnia 2001 r.\u00a0<em>Prawo ochrony \u015brodowiska<\/em>,<em>\u00a0<\/em>instalacja, z kt\u00f3rej emisja nie wymaga pozwolenia, mog\u0105ca negatywnie oddzia\u0142ywa\u0107 na \u015brodowisko, podlega zg\u0142oszeniu organowi ochrony \u015brodowiska, z zastrze\u017ceniem ust. 8 ww. art., kt\u00f3ry m\u00f3wi, \u017ce zasady zg\u0142aszania instalacji mog\u0105cej negatywnie oddzia\u0142ywa\u0107 na \u015brodowisko z uwagi na wytwarzanie odpad\u00f3w okre\u015blaj\u0105 przepisy\u00a0<em>ustawy o odpadach<\/em>.<\/p>\n<p id=\"h.p_o0glEZcTbajJ\" class=\"zfr3Q\" style=\"text-align: justify;\"><strong>Kogo dotyczy:<\/strong><\/p>\n<p id=\"h.p_htd4KBt6bajJ\" class=\"zfr3Q\" style=\"text-align: justify;\">Je\u015bli posiadasz instalacj\u0119, kt\u00f3ra emituje gazy lub py\u0142y to instalacja ta mo\u017ce wymaga\u0107 zg\u0142oszenia do organu ochrony \u015brodowiska.<\/p>\n<p id=\"h.p_HwKEN0ztbajJ\" class=\"zfr3Q\" style=\"text-align: justify;\">Jakie rodzaje instalacji podlegaj\u0105 zg\u0142oszeniu? Reguluj\u0105 to dwa rozporz\u0105dzenia:<\/p>\n<p id=\"h.p_uKIYeAaIbajL\" class=\"zfr3Q\" style=\"text-align: justify;\">1. rozporz\u0105dzenie Ministra \u015arodowiska z 2 lipca 2010 r. w\u00a0<em>sprawie rodzaj\u00f3w instalacji, kt\u00f3rych eksploatacja wymaga zg\u0142oszenia,<\/em><\/p>\n<p id=\"h.p_PYqbhCajbajL\" class=\"zfr3Q\" style=\"text-align: justify;\">2. rozporz\u0105dzenie Ministra \u015arodowiska z 2 lipca 2010 r.\u00a0<em>w sprawie przypadk\u00f3w, w kt\u00f3rych wprowadzanie gaz\u00f3w lub py\u0142\u00f3w do powietrza z instalacji nie wymaga pozwolenia<\/em>.<\/p>\n<p id=\"h.p_BxhbI2mIbajM\" class=\"zfr3Q\" style=\"text-align: justify;\">Co do zasady prowadz\u0105cy instalacj\u0119, jest obowi\u0105zany do dokonania zg\u0142oszenia przed rozpocz\u0119ciem jej eksploatacji (patrz art. 152 ust. 3 ustawy z dnia 27 kwietnia 2001 r.\u00a0<em>Prawo ochrony \u015brodowiska<\/em>).<\/p>\n<p id=\"h.p_AqksbOzLbajN\" class=\"zfr3Q\" style=\"text-align: justify;\">Instalacj\u0119 obj\u0119t\u0105 obowi\u0105zkiem zg\u0142oszenia w okresie, gdy jest ju\u017c ona eksploatowana, prowadz\u0105cy j\u0105 jest obowi\u0105zany zg\u0142osi\u0107 w terminie 6 miesi\u0119cy od dnia, w kt\u00f3rym zosta\u0142a ona obj\u0119ta tym obowi\u0105zkiem (patrz art. 152 ust. 5 ustawy z dnia 27 kwietnia 2001 r.\u00a0<em>Prawo ochrony \u015brodowiska<\/em>).<\/p>\n<p id=\"h.p_8eKhAe4UbajO\" class=\"zfr3Q\" style=\"text-align: justify;\"><strong>Zawiera dane o:<\/strong><\/p>\n<p id=\"h.p_tpMJ9idbbajP\" class=\"zfr3Q\" style=\"text-align: justify;\">Art. 152 ust. 2 ustawy z dnia 27 kwietnia 2001 r. Prawo ochrony \u015brodowiska okre\u015bla co powinno zawiera\u0107 zg\u0142oszenie.<\/p>\n","protected":false},"excerpt":{"rendered":"<p>Zg\u0142oszenie instalacji, z kt\u00f3rej emisja nie wymaga pozwolenia Podstawa prawna: Zgodnie z art. 152 ust 1. ustawy z dnia 27 kwietnia 2001 r.\u00a0Prawo ochrony \u015brodowiska,\u00a0instalacja, z kt\u00f3rej emisja nie wymaga pozwolenia, mog\u0105ca negatywnie oddzia\u0142ywa\u0107 na \u015brodowisko, podlega zg\u0142oszeniu organowi ochrony \u015brodowiska, z zastrze\u017ceniem ust. 8 ww. art., kt\u00f3ry m\u00f3wi, \u017ce &hellip;<\/p>\n","protected":false},"author":1,"featured_media":131,"parent":136,"menu_order":0,"comment_status":"closed","ping_status":"closed","template":"","meta":{"footnotes":""},"class_list":["post-145","page","type-page","status-publish","has-post-thumbnail","hentry"],"_links":{"self":[{"href":"https:\/\/360eco.pl\/index.php\/wp-json\/wp\/v2\/pages\/145","targetHints":{"allow":["GET"]}}],"collection":[{"href":"https:\/\/360eco.pl\/index.php\/wp-json\/wp\/v2\/pages"}],"about":[{"href":"https:\/\/360eco.pl\/index.php\/wp-json\/wp\/v2\/types\/page"}],"author":[{"embeddable":true,"href":"https:\/\/360eco.pl\/index.php\/wp-json\/wp\/v2\/users\/1"}],"replies":[{"embeddable":true,"href":"https:\/\/360eco.pl\/index.php\/wp-json\/wp\/v2\/comments?post=145"}],"version-history":[{"count":4,"href":"https:\/\/360eco.pl\/index.php\/wp-json\/wp\/v2\/pages\/145\/revisions"}],"predecessor-version":[{"id":426,"href":"https:\/\/360eco.pl\/index.php\/wp-json\/wp\/v2\/pages\/145\/revisions\/426"}],"up":[{"embeddable":true,"href":"https:\/\/360eco.pl\/index.php\/wp-json\/wp\/v2\/pages\/136"}],"wp:featuredmedia":[{"embeddable":true,"href":"https:\/\/360eco.pl\/index.php\/wp-json\/wp\/v2\/media\/131"}],"wp:attachment":[{"href":"https:\/\/360eco.pl\/index.php\/wp-json\/wp\/v2\/media?parent=145"}],"curies":[{"name":"wp","href":"https:\/\/api.w.org\/{rel}","templated":true}]}}