{"id":136,"date":"2018-07-14T16:25:03","date_gmt":"2018-07-14T14:25:03","guid":{"rendered":"http:\/\/10.4.0.3:4000\/?page_id=136"},"modified":"2018-07-20T00:03:25","modified_gmt":"2018-07-19T22:03:25","slug":"wnioski-opracowania-karty","status":"publish","type":"page","link":"https:\/\/360eco.pl\/index.php\/oferta\/wnioski-opracowania-karty\/","title":{"rendered":"Wnioski, opracowania, karty"},"content":{"rendered":"<ul class=\"n8H08c UVNKR\">\n<li id=\"h.p_-vOLtfxDqs8l\" class=\"zfr3Q TYR86d\"><a href=\"https:\/\/360eco.pl\/index.php\/oferta\/wnioski-opracowania-karty\/odpady\/\">Wnioski o wydanie pozwolenia\/zezwolenia na wytwarzanie, przetwarzanie i zbieranie odpad\u00f3w.<\/a><\/li>\n<li id=\"h.p_mdCm0g3Oqs8m\" class=\"zfr3Q TYR86d\"><a href=\"https:\/\/360eco.pl\/index.php\/wnioski-opracowania-karty\/zgloszenie-instalacji-z-ktorej-emisja-nie-wymaga-pozwolenia\/\">Zg\u0142oszenie instalacji, z kt\u00f3rej emisja nie wymaga pozwolenia.<\/a><\/li>\n<li id=\"h.p_5Sxg2bHxqs8n\" class=\"zfr3Q TYR86d\"><a href=\"https:\/\/360eco.pl\/index.php\/karta-informacyjna-przedsiewziecia\/\">Karta informacyjna przedsi\u0119wzi\u0119cia.<\/a><\/li>\n<li id=\"h.p_rVC5Gx0_qs8n\" class=\"zfr3Q TYR86d\"><a href=\"https:\/\/360eco.pl\/index.php\/pozwolenia-emisyjne\/\">Wniosek o wydanie pozwolenie na wprowadzanie gaz\u00f3w lub py\u0142\u00f3w do powietrza.<\/a><\/li>\n<li id=\"h.p_udg578ivqs8n\" class=\"zfr3Q TYR86d\"><a href=\"https:\/\/360eco.pl\/index.php\/pozwolenia-zintegrowane\/\">Wniosek o wydanie pozwolenia zintegrowanego.<\/a><\/li>\n<li id=\"h.p_uASMfK3Zryn-\" class=\"zfr3Q TYR86d\"><a href=\"https:\/\/360eco.pl\/index.php\/pozwolenia-zintegrowane\/\">Wniosek o zmian\u0119 pozwolenia zintegrowanego.<\/a><\/li>\n<li id=\"h.p_agwchgzAsAuV\" class=\"zfr3Q TYR86d\"><a href=\"https:\/\/360eco.pl\/index.php\/pozwolenia-zintegrowane\/\">Analiza warunk\u00f3w pozwolenia zintegrowanego.<\/a><\/li>\n<li id=\"h.p_MzvQf1Tsqs8o\" class=\"zfr3Q TYR86d\"><a href=\"https:\/\/360eco.pl\/index.php\/raporty\/\">Raport o oddzia\u0142ywaniu przedsi\u0119wzi\u0119cia na \u015brodowisko.<\/a><\/li>\n<li id=\"h.p_fBp8KNQSqs8o\" class=\"zfr3Q TYR86d\">Ocena oddzia\u0142ywania przedsi\u0119wzi\u0119cia na obszar Natura 2000.<\/li>\n<li id=\"h.p_LN_Qoq_Aqs8q\" class=\"zfr3Q TYR86d\"><a href=\"https:\/\/360eco.pl\/index.php\/zgloszenia\/\">Zg\u0142oszenie instalacji wytwarzaj\u0105cej pole elektromagnetyczne.<\/a><\/li>\n<li id=\"h.p_2SCbH2dgqs8q\" class=\"zfr3Q TYR86d\"><a href=\"https:\/\/360eco.pl\/index.php\/oferta\/wnioski-opracowania-karty\/zgloszenia\/\">Zg\u0142oszenie uznania przedmiotu za produkt uboczny.<\/a><\/li>\n<li id=\"h.p_rpbymwoDqs8q\" class=\"zfr3Q TYR86d\"><a href=\"https:\/\/360eco.pl\/index.php\/odpady\/\">Wniosek o wydanie zezwolenia na transgraniczne przemieszczanie odpad\u00f3w.<\/a><\/li>\n<\/ul>\n","protected":false},"excerpt":{"rendered":"<p>Wnioski o wydanie pozwolenia\/zezwolenia na wytwarzanie, przetwarzanie i zbieranie odpad\u00f3w. Zg\u0142oszenie instalacji, z kt\u00f3rej emisja nie wymaga pozwolenia. Karta informacyjna przedsi\u0119wzi\u0119cia. Wniosek o wydanie pozwolenie na wprowadzanie gaz\u00f3w lub py\u0142\u00f3w do powietrza. Wniosek o wydanie pozwolenia zintegrowanego. Wniosek o zmian\u0119 pozwolenia zintegrowanego. Analiza warunk\u00f3w pozwolenia zintegrowanego. Raport o oddzia\u0142ywaniu przedsi\u0119wzi\u0119cia &hellip;<\/p>\n","protected":false},"author":1,"featured_media":0,"parent":134,"menu_order":0,"comment_status":"closed","ping_status":"closed","template":"","meta":{"footnotes":""},"class_list":["post-136","page","type-page","status-publish","hentry"],"_links":{"self":[{"href":"https:\/\/360eco.pl\/index.php\/wp-json\/wp\/v2\/pages\/136","targetHints":{"allow":["GET"]}}],"collection":[{"href":"https:\/\/360eco.pl\/index.php\/wp-json\/wp\/v2\/pages"}],"about":[{"href":"https:\/\/360eco.pl\/index.php\/wp-json\/wp\/v2\/types\/page"}],"author":[{"embeddable":true,"href":"https:\/\/360eco.pl\/index.php\/wp-json\/wp\/v2\/users\/1"}],"replies":[{"embeddable":true,"href":"https:\/\/360eco.pl\/index.php\/wp-json\/wp\/v2\/comments?post=136"}],"version-history":[{"count":5,"href":"https:\/\/360eco.pl\/index.php\/wp-json\/wp\/v2\/pages\/136\/revisions"}],"predecessor-version":[{"id":418,"href":"https:\/\/360eco.pl\/index.php\/wp-json\/wp\/v2\/pages\/136\/revisions\/418"}],"up":[{"embeddable":true,"href":"https:\/\/360eco.pl\/index.php\/wp-json\/wp\/v2\/pages\/134"}],"wp:attachment":[{"href":"https:\/\/360eco.pl\/index.php\/wp-json\/wp\/v2\/media?parent=136"}],"curies":[{"name":"wp","href":"https:\/\/api.w.org\/{rel}","templated":true}]}}